{"id":275660,"date":"2024-12-03T12:50:34","date_gmt":"2024-12-03T11:50:34","guid":{"rendered":"https:\/\/www.tdma.info\/titandioxid-ein-wesentlicher-bestandteil-von-farben\/"},"modified":"2025-01-23T15:01:33","modified_gmt":"2025-01-23T14:01:33","slug":"titandioxid-ein-wesentlicher-bestandteil-von-farben","status":"publish","type":"page","link":"https:\/\/www.tdma.info\/de\/einsatzgebiete-von-titandioxid\/titandioxid-ein-wesentlicher-bestandteil-von-farben\/","title":{"rendered":"Titandioxid: ein wesentlicher Bestandteil von Farben"},"content":{"rendered":"<p>[et_pb_section fb_built=&#8220;1&#8243; _builder_version=&#8220;4.27.3&#8243; _module_preset=&#8220;default&#8220; background_color=&#8220;#efeded&#8220; custom_padding=&#8220;10px||10px||true|false&#8220; global_colors_info=&#8220;{}&#8220;][et_pb_row _builder_version=&#8220;4.27.3&#8243; _module_preset=&#8220;default&#8220; global_colors_info=&#8220;{}&#8220;][et_pb_column type=&#8220;4_4&#8243; _builder_version=&#8220;4.27.3&#8243; _module_preset=&#8220;default&#8220; global_colors_info=&#8220;{}&#8220;][et_pb_text _builder_version=&#8220;4.27.3&#8243; _dynamic_attributes=&#8220;content&#8220; _module_preset=&#8220;default&#8220; header_font_size=&#8220;30px&#8220; header_font_size_tablet=&#8220;30px&#8220; header_font_size_phone=&#8220;20px&#8220; header_font_size_last_edited=&#8220;on|phone&#8220; global_colors_info=&#8220;{}&#8220;]@ET-DC@eyJkeW5hbWljIjp0cnVlLCJjb250ZW50IjoicG9zdF90aXRsZSIsInNldHRpbmdzIjp7ImJlZm9yZSI6IjxoMT4iLCJhZnRlciI6IjwvaDE+In19@[\/et_pb_text][\/et_pb_column][\/et_pb_row][\/et_pb_section][et_pb_section fb_built=&#8220;1&#8243; _builder_version=&#8220;4.27.3&#8243; _module_preset=&#8220;default&#8220; custom_padding=&#8220;0px|||||&#8220; global_colors_info=&#8220;{}&#8220;][et_pb_row column_structure=&#8220;3_4,1_4&#8243; use_custom_gutter=&#8220;on&#8220; gutter_width=&#8220;2&#8243; _builder_version=&#8220;4.27.4&#8243; _module_preset=&#8220;default&#8220; custom_padding=&#8220;0px|||||&#8220; global_colors_info=&#8220;{}&#8220;][et_pb_column type=&#8220;3_4&#8243; _builder_version=&#8220;4.27.3&#8243; _module_preset=&#8220;default&#8220; border_color_top=&#8220;#000000&#8243; global_colors_info=&#8220;{}&#8220;][et_pb_image src=&#8220;https:\/\/www.tdma.info\/wp-content\/uploads\/2024\/12\/The-economic-impact-of-titanium-dioxide-in-Europe.jpg.webp&#8220; force_fullwidth=&#8220;on&#8220; _builder_version=&#8220;4.27.4&#8243; _module_preset=&#8220;default&#8220; hover_enabled=&#8220;0&#8243; global_colors_info=&#8220;{}&#8220; admin_label=&#8220;Bild&#8220; sticky_enabled=&#8220;0&#8243;][\/et_pb_image][et_pb_text _builder_version=&#8220;4.27.4&#8243; _module_preset=&#8220;default&#8220; header_3_font=&#8220;Noto Sans|600|||||||&#8220; global_colors_info=&#8220;{}&#8220;]<\/p>\n<h3>Titandioxid (TiO<sub>2<\/sub>) ist ein Stoff, der in einer Vielzahl von Alltagsprodukten enthalten ist &#8211; von Kunststoffen bis hin zu Sonnenschutzmitteln.<\/h3>\n<p>[\/et_pb_text][et_pb_text _builder_version=&#8220;4.27.4&#8243; _module_preset=&#8220;default&#8220; global_colors_info=&#8220;{}&#8220;]<\/p>\n<p>Es hat viele einzigartige Qualit\u00e4ten, aber seine Eigenschaften als Pigment sind besonders au\u00dfergew\u00f6hnlich und wertvoll. Mit seiner unglaublichen F\u00e4higkeit, Licht zu streuen, schafft es lang anhaltende, helle und undurchsichtige Farben f\u00fcr viele Anwendungen. <\/p>\n<p>Erfahren Sie mehr dar\u00fcber, warum Titandioxid f\u00fcr die Herstellung von Farben unerl\u00e4sslich ist:<\/p>\n<p>[\/et_pb_text][et_pb_video src=&#8220;https:\/\/www.youtube.com\/watch?v=v79G9JClxl8&#8243; image_src=&#8220;\/\/i.ytimg.com\/vi\/v79G9JClxl8\/hqdefault.jpg&#8220; _builder_version=&#8220;4.27.4&#8243; _module_preset=&#8220;default&#8220; global_colors_info=&#8220;{}&#8220;][\/et_pb_video][\/et_pb_column][et_pb_column type=&#8220;1_4&#8243; _builder_version=&#8220;4.27.3&#8243; _module_preset=&#8220;default&#8220; border_color_top=&#8220;#000000&#8243; global_colors_info=&#8220;{}&#8220;][et_pb_code _builder_version=&#8220;4.27.4&#8243; _module_preset=&#8220;default&#8220; background_color=&#8220;#efeded&#8220; custom_padding=&#8220;30px|30px|30px|30px|true|true&#8220; sticky_position=&#8220;top&#8220; sticky_offset_top=&#8220;30px&#8220; sticky_limit_bottom=&#8220;section&#8220; sticky_position_tablet=&#8220;none&#8220; sticky_position_phone=&#8220;none&#8220; sticky_position_last_edited=&#8220;on|desktop&#8220; custom_css_free_form=&#8220;selector .title {||  font-size: 20px;||  font-weight: 700;||}&#8220; border_width_top=&#8220;1px&#8220; global_module=&#8220;278184&#8243; locked=&#8220;off&#8220; global_colors_info=&#8220;{}&#8220;]<\/p>\n<div class=\"title\"><!-- [et_pb_line_break_holder] -->Verwandte Artikel<!-- [et_pb_line_break_holder] --><\/div>\n<p><!-- [et_pb_line_break_holder] --><div class=\" mc-posts-list side-list\"><div class=\"list-item page\"><div class=\"list-item-wrapper has-image\"><a class=\"list-thumbnail\" style=\"background-image:url(https:\/\/www.tdma.info\/wp-content\/uploads\/2024\/11\/Buildings-that-clean-our-air-main-1024x376.webp);\" href=\"https:\/\/www.tdma.info\/de\/einsatzgebiete-von-titandioxid\/die-gebaeude-die-unsere-luft-reinigen\/\" rel=\"noopener noreferrer\"><img decoding=\"async\" src=\"https:\/\/www.tdma.info\/wp-content\/uploads\/2024\/11\/Buildings-that-clean-our-air-main-1024x376.webp\" alt=\"Die Geb\u00e4ude, die unsere Luft reinigen\"\/><span class=\"hover-image\" style=\"background-image:url(https:\/\/www.tdma.info\/wp-content\/uploads\/2024\/11\/Buildings-that-clean-our-air-main-1024x376.webp);\"><\/span><\/a><div class=\"list-content-wrapper\"><div class=\"list-content-header\"><\/div><div class=\"list-content-body\"><h4 class=\"list-title\"><a href=\"https:\/\/www.tdma.info\/de\/einsatzgebiete-von-titandioxid\/die-gebaeude-die-unsere-luft-reinigen\/\" rel=\"noopener noreferrer\">Die Geb\u00e4ude, die unsere Luft reinigen<\/a><\/h4><div class=\"list-excerpt\"><\/div><div class=\"list-content-footer\"><a class=\"list-read-more\" target=\"_self\" href=\"https:\/\/www.tdma.info\/de\/einsatzgebiete-von-titandioxid\/die-gebaeude-die-unsere-luft-reinigen\/\" rel=\"noopener noreferrer\"><span>Mehr lesent<\/span><\/a><\/div><\/div><\/div><\/div><\/div><div class=\"list-item page\"><div class=\"list-item-wrapper has-image\"><a class=\"list-thumbnail\" style=\"background-image:url(https:\/\/www.tdma.info\/wp-content\/uploads\/2024\/12\/bright_vehicle_main.jpg-1024x376.webp);\" href=\"https:\/\/www.tdma.info\/de\/einsatzgebiete-von-titandioxid\/aufgedeckt-die-substanz-die-fahrzeuge-heller-macht\/\" rel=\"noopener noreferrer\"><img decoding=\"async\" src=\"https:\/\/www.tdma.info\/wp-content\/uploads\/2024\/12\/bright_vehicle_main.jpg-1024x376.webp\" alt=\"Aufgedeckt: die Substanz, die Fahrzeuge heller macht\"\/><span class=\"hover-image\" style=\"background-image:url(https:\/\/www.tdma.info\/wp-content\/uploads\/2024\/12\/bright_vehicle_main.jpg-1024x376.webp);\"><\/span><\/a><div class=\"list-content-wrapper\"><div class=\"list-content-header\"><\/div><div class=\"list-content-body\"><h4 class=\"list-title\"><a href=\"https:\/\/www.tdma.info\/de\/einsatzgebiete-von-titandioxid\/aufgedeckt-die-substanz-die-fahrzeuge-heller-macht\/\" rel=\"noopener noreferrer\">Aufgedeckt: die Substanz, die Fahrzeuge heller macht<\/a><\/h4><div class=\"list-excerpt\"><\/div><div class=\"list-content-footer\"><a class=\"list-read-more\" target=\"_self\" href=\"https:\/\/www.tdma.info\/de\/einsatzgebiete-von-titandioxid\/aufgedeckt-die-substanz-die-fahrzeuge-heller-macht\/\" rel=\"noopener noreferrer\"><span>Mehr lesent<\/span><\/a><\/div><\/div><\/div><\/div><\/div><div class=\"list-item page\"><div class=\"list-item-wrapper has-image\"><a class=\"list-thumbnail\" style=\"background-image:url(https:\/\/www.tdma.info\/wp-content\/uploads\/2024\/12\/AdobeStock_119244886_1.jpg);\" href=\"https:\/\/www.tdma.info\/de\/einsatzgebiete-von-titandioxid\/papier-lichter-en-helderder-maken-met-titaandioxide\/\" rel=\"noopener noreferrer\"><img decoding=\"async\" src=\"https:\/\/www.tdma.info\/wp-content\/uploads\/2024\/12\/AdobeStock_119244886_1.jpg\" alt=\"Papier lichter en helderder maken met titaandioxide\"\/><span class=\"hover-image\" style=\"background-image:url(https:\/\/www.tdma.info\/wp-content\/uploads\/2024\/12\/AdobeStock_119244886_1.jpg);\"><\/span><\/a><div class=\"list-content-wrapper\"><div class=\"list-content-header\"><\/div><div class=\"list-content-body\"><h4 class=\"list-title\"><a href=\"https:\/\/www.tdma.info\/de\/einsatzgebiete-von-titandioxid\/papier-lichter-en-helderder-maken-met-titaandioxide\/\" rel=\"noopener noreferrer\">Papier lichter en helderder maken met titaandioxide<\/a><\/h4><div class=\"list-excerpt\"><\/div><div class=\"list-content-footer\"><a class=\"list-read-more\" target=\"_self\" href=\"https:\/\/www.tdma.info\/de\/einsatzgebiete-von-titandioxid\/papier-lichter-en-helderder-maken-met-titaandioxide\/\" rel=\"noopener noreferrer\"><span>Mehr lesent<\/span><\/a><\/div><\/div><\/div><\/div><\/div><div class=\"list-item page\"><div class=\"list-item-wrapper has-image\"><a class=\"list-thumbnail\" style=\"background-image:url(https:\/\/www.tdma.info\/wp-content\/uploads\/2025\/11\/shutterstock_2461989621-1024x475.jpg);\" href=\"https:\/\/www.tdma.info\/de\/einsatzgebiete-von-titandioxid\/selbstreinigende-smartphones-und-die-wissenschaft-dahinter\/\" rel=\"noopener noreferrer\"><img decoding=\"async\" src=\"https:\/\/www.tdma.info\/wp-content\/uploads\/2025\/11\/shutterstock_2461989621-1024x475.jpg\" alt=\"Selbstreinigende Smartphones und die Wissenschaft dahinter\"\/><span class=\"hover-image\" style=\"background-image:url(https:\/\/www.tdma.info\/wp-content\/uploads\/2025\/11\/shutterstock_2461989621-1024x475.jpg);\"><\/span><\/a><div class=\"list-content-wrapper\"><div class=\"list-content-header\"><\/div><div class=\"list-content-body\"><h4 class=\"list-title\"><a href=\"https:\/\/www.tdma.info\/de\/einsatzgebiete-von-titandioxid\/selbstreinigende-smartphones-und-die-wissenschaft-dahinter\/\" rel=\"noopener noreferrer\">Selbstreinigende Smartphones und die Wissenschaft dahinter<\/a><\/h4><div class=\"list-excerpt\"><\/div><div class=\"list-content-footer\"><a class=\"list-read-more\" target=\"_self\" href=\"https:\/\/www.tdma.info\/de\/einsatzgebiete-von-titandioxid\/selbstreinigende-smartphones-und-die-wissenschaft-dahinter\/\" rel=\"noopener noreferrer\"><span>Mehr lesent<\/span><\/a><\/div><\/div><\/div><\/div><\/div><div class=\"list-item page\"><div class=\"list-item-wrapper has-image\"><a class=\"list-thumbnail\" style=\"background-image:url(https:\/\/www.tdma.info\/wp-content\/uploads\/2025\/11\/shutterstock_2194904755-1024x518.jpg);\" href=\"https:\/\/www.tdma.info\/de\/einsatzgebiete-von-titandioxid\/wie-helle-weisse-linien-die-strassen-fuer-alle-sicherer-machen\/\" rel=\"noopener noreferrer\"><img decoding=\"async\" src=\"https:\/\/www.tdma.info\/wp-content\/uploads\/2025\/11\/shutterstock_2194904755-1024x518.jpg\" alt=\"Wie helle wei\u00dfe Linien die Stra\u00dfen f\u00fcr alle sicherer machen\"\/><span class=\"hover-image\" style=\"background-image:url(https:\/\/www.tdma.info\/wp-content\/uploads\/2025\/11\/shutterstock_2194904755-1024x518.jpg);\"><\/span><\/a><div class=\"list-content-wrapper\"><div class=\"list-content-header\"><\/div><div class=\"list-content-body\"><h4 class=\"list-title\"><a href=\"https:\/\/www.tdma.info\/de\/einsatzgebiete-von-titandioxid\/wie-helle-weisse-linien-die-strassen-fuer-alle-sicherer-machen\/\" rel=\"noopener noreferrer\">Wie helle wei\u00dfe Linien die Stra\u00dfen f\u00fcr alle sicherer machen<\/a><\/h4><div class=\"list-excerpt\"><\/div><div class=\"list-content-footer\"><a class=\"list-read-more\" target=\"_self\" href=\"https:\/\/www.tdma.info\/de\/einsatzgebiete-von-titandioxid\/wie-helle-weisse-linien-die-strassen-fuer-alle-sicherer-machen\/\" rel=\"noopener noreferrer\"><span>Mehr lesent<\/span><\/a><\/div><\/div><\/div><\/div><\/div><\/div>[\/et_pb_code][\/et_pb_column][\/et_pb_row][\/et_pb_section][et_pb_section fb_built=&#8220;1&#8243; admin_label=&#8220;You may also like &#8211; section&#8220; _builder_version=&#8220;4.27.4&#8243; _module_preset=&#8220;default&#8220; locked=&#8220;off&#8220; global_colors_info=&#8220;{}&#8220;][et_pb_row _builder_version=&#8220;4.27.4&#8243; _module_preset=&#8220;default&#8220; global_module=&#8220;275254&#8243; locked=&#8220;off&#8220; global_colors_info=&#8220;{}&#8220;][et_pb_column type=&#8220;4_4&#8243; _builder_version=&#8220;4.27.4&#8243; _module_preset=&#8220;default&#8220; global_colors_info=&#8220;{}&#8220;][et_pb_text admin_label=&#8220;Text&#8220; _builder_version=&#8220;4.27.4&#8243; _module_preset=&#8220;default&#8220; global_colors_info=&#8220;{}&#8220;]<\/p>\n<h2>Das k\u00f6nnte Ihnen auch gefallen<\/h2>\n<p>[\/et_pb_text][et_pb_code _builder_version=&#8220;4.27.4&#8243; _module_preset=&#8220;default&#8220; global_colors_info=&#8220;{}&#8220;]<div class=\" mc-posts-list text-on-image-list\"><div class=\"list-item page\"><div class=\"list-item-wrapper has-image\"><a class=\"list-thumbnail\" style=\"background-image:url(https:\/\/www.tdma.info\/wp-content\/uploads\/2025\/11\/shutterstock_1156265782-1024x484.jpg);\" href=\"https:\/\/www.tdma.info\/de\/einsatzgebiete-von-titandioxid\/form-und-schoenheit-atemberaubende-weisse-architektur\/\" rel=\"noopener noreferrer\"><img decoding=\"async\" src=\"https:\/\/www.tdma.info\/wp-content\/uploads\/2025\/11\/shutterstock_1156265782-1024x484.jpg\" alt=\"Form und Sch\u00f6nheit: Atemberaubende wei\u00dfe Architektur\"\/><span class=\"hover-image\" style=\"background-image:url(https:\/\/www.tdma.info\/wp-content\/uploads\/2025\/11\/shutterstock_1156265782-1024x484.jpg);\"><\/span><\/a><div class=\"list-content-wrapper\"><div class=\"list-content-header\"><\/div><div class=\"list-content-body\"><h4 class=\"list-title\"><a href=\"https:\/\/www.tdma.info\/de\/einsatzgebiete-von-titandioxid\/form-und-schoenheit-atemberaubende-weisse-architektur\/\" rel=\"noopener noreferrer\">Form und Sch\u00f6nheit: Atemberaubende wei\u00dfe Architektur<\/a><\/h4><div class=\"list-excerpt\"><\/div><div class=\"list-content-footer\"><a class=\"list-read-more\" target=\"_self\" href=\"https:\/\/www.tdma.info\/de\/einsatzgebiete-von-titandioxid\/form-und-schoenheit-atemberaubende-weisse-architektur\/\" rel=\"noopener noreferrer\"><span>Mehr lesent<\/span><\/a><\/div><\/div><\/div><\/div><\/div><\/div>\t[\/et_pb_code][\/et_pb_column][\/et_pb_row][\/et_pb_section]<\/p>\n","protected":false},"excerpt":{"rendered":"<p>Titandioxid (TiO2) ist ein Stoff, der in einer Vielzahl von Alltagsprodukten enthalten ist &#8211; von Kunststoffen bis hin zu Sonnenschutzmitteln.Es hat viele einzigartige Qualit\u00e4ten, aber seine Eigenschaften als Pigment sind besonders au\u00dfergew\u00f6hnlich und wertvoll. Mit seiner unglaublichen F\u00e4higkeit, Licht zu streuen, schafft es lang anhaltende, helle und undurchsichtige Farben f\u00fcr viele Anwendungen. Erfahren Sie mehr [&hellip;]<\/p>\n","protected":false},"author":1,"featured_media":274546,"parent":276407,"menu_order":0,"comment_status":"closed","ping_status":"closed","template":"","meta":{"_et_pb_use_builder":"on","_et_pb_old_content":"","_et_gb_content_width":"","inline_featured_image":false,"footnotes":""},"difl_page_category":[],"application_category":[87],"class_list":["post-275660","page","type-page","status-publish","has-post-thumbnail","hentry","application_category-paint-coatings-de"],"yoast_head":"<!-- This site is optimized with the Yoast SEO plugin v27.5 - https:\/\/yoast.com\/product\/yoast-seo-wordpress\/ -->\n<title>Titandioxid: ein wesentlicher Bestandteil von Farben - TDMA<\/title>\n<meta name=\"robots\" content=\"index, follow, max-snippet:-1, max-image-preview:large, max-video-preview:-1\" \/>\n<link rel=\"canonical\" href=\"https:\/\/www.tdma.info\/de\/einsatzgebiete-von-titandioxid\/titandioxid-ein-wesentlicher-bestandteil-von-farben\/\" \/>\n<meta property=\"og:locale\" content=\"de_DE\" \/>\n<meta property=\"og:type\" content=\"article\" \/>\n<meta property=\"og:title\" content=\"Titandioxid: ein wesentlicher Bestandteil von Farben - TDMA\" \/>\n<meta property=\"og:description\" content=\"Titandioxid (TiO2) ist ein Stoff, der in einer Vielzahl von Alltagsprodukten enthalten ist - von Kunststoffen bis hin zu Sonnenschutzmitteln.Es hat viele einzigartige Qualit\u00e4ten, aber seine Eigenschaften als Pigment sind besonders au\u00dfergew\u00f6hnlich und wertvoll. Mit seiner unglaublichen F\u00e4higkeit, Licht zu streuen, schafft es lang anhaltende, helle und undurchsichtige Farben f\u00fcr viele Anwendungen. Erfahren Sie mehr [&hellip;]\" \/>\n<meta property=\"og:url\" content=\"https:\/\/www.tdma.info\/de\/einsatzgebiete-von-titandioxid\/titandioxid-ein-wesentlicher-bestandteil-von-farben\/\" \/>\n<meta property=\"og:site_name\" content=\"TDMA\" \/>\n<meta property=\"article:modified_time\" content=\"2025-01-23T14:01:33+00:00\" \/>\n<meta property=\"og:image\" content=\"https:\/\/www.tdma.info\/wp-content\/uploads\/2024\/12\/The-economic-impact-of-titanium-dioxide-in-Europe.jpg.webp\" \/>\n\t<meta property=\"og:image:width\" content=\"2000\" \/>\n\t<meta property=\"og:image:height\" content=\"734\" \/>\n\t<meta property=\"og:image:type\" content=\"image\/webp\" \/>\n<meta name=\"twitter:card\" content=\"summary_large_image\" \/>\n<meta name=\"twitter:label1\" content=\"Gesch\u00e4tzte Lesezeit\" \/>\n\t<meta name=\"twitter:data1\" content=\"1\u00a0Minute\" \/>\n<script type=\"application\/ld+json\" class=\"yoast-schema-graph\">{\"@context\":\"https:\\\/\\\/schema.org\",\"@graph\":[{\"@type\":\"WebPage\",\"@id\":\"https:\\\/\\\/www.tdma.info\\\/de\\\/einsatzgebiete-von-titandioxid\\\/titandioxid-ein-wesentlicher-bestandteil-von-farben\\\/\",\"url\":\"https:\\\/\\\/www.tdma.info\\\/de\\\/einsatzgebiete-von-titandioxid\\\/titandioxid-ein-wesentlicher-bestandteil-von-farben\\\/\",\"name\":\"Titandioxid: ein wesentlicher Bestandteil von Farben - TDMA\",\"isPartOf\":{\"@id\":\"https:\\\/\\\/www.tdma.info\\\/#website\"},\"primaryImageOfPage\":{\"@id\":\"https:\\\/\\\/www.tdma.info\\\/de\\\/einsatzgebiete-von-titandioxid\\\/titandioxid-ein-wesentlicher-bestandteil-von-farben\\\/#primaryimage\"},\"image\":{\"@id\":\"https:\\\/\\\/www.tdma.info\\\/de\\\/einsatzgebiete-von-titandioxid\\\/titandioxid-ein-wesentlicher-bestandteil-von-farben\\\/#primaryimage\"},\"thumbnailUrl\":\"https:\\\/\\\/www.tdma.info\\\/wp-content\\\/uploads\\\/2024\\\/12\\\/The-economic-impact-of-titanium-dioxide-in-Europe.jpg.webp\",\"datePublished\":\"2024-12-03T11:50:34+00:00\",\"dateModified\":\"2025-01-23T14:01:33+00:00\",\"breadcrumb\":{\"@id\":\"https:\\\/\\\/www.tdma.info\\\/de\\\/einsatzgebiete-von-titandioxid\\\/titandioxid-ein-wesentlicher-bestandteil-von-farben\\\/#breadcrumb\"},\"inLanguage\":\"de\",\"potentialAction\":[{\"@type\":\"ReadAction\",\"target\":[\"https:\\\/\\\/www.tdma.info\\\/de\\\/einsatzgebiete-von-titandioxid\\\/titandioxid-ein-wesentlicher-bestandteil-von-farben\\\/\"]}]},{\"@type\":\"ImageObject\",\"inLanguage\":\"de\",\"@id\":\"https:\\\/\\\/www.tdma.info\\\/de\\\/einsatzgebiete-von-titandioxid\\\/titandioxid-ein-wesentlicher-bestandteil-von-farben\\\/#primaryimage\",\"url\":\"https:\\\/\\\/www.tdma.info\\\/wp-content\\\/uploads\\\/2024\\\/12\\\/The-economic-impact-of-titanium-dioxide-in-Europe.jpg.webp\",\"contentUrl\":\"https:\\\/\\\/www.tdma.info\\\/wp-content\\\/uploads\\\/2024\\\/12\\\/The-economic-impact-of-titanium-dioxide-in-Europe.jpg.webp\",\"width\":2000,\"height\":734},{\"@type\":\"BreadcrumbList\",\"@id\":\"https:\\\/\\\/www.tdma.info\\\/de\\\/einsatzgebiete-von-titandioxid\\\/titandioxid-ein-wesentlicher-bestandteil-von-farben\\\/#breadcrumb\",\"itemListElement\":[{\"@type\":\"ListItem\",\"position\":1,\"name\":\"Home\",\"item\":\"https:\\\/\\\/www.tdma.info\\\/de\\\/home\\\/\"},{\"@type\":\"ListItem\",\"position\":2,\"name\":\"Einsatzgebiete von Titandioxid\",\"item\":\"https:\\\/\\\/www.tdma.info\\\/uses-of-tio2\\\/\"},{\"@type\":\"ListItem\",\"position\":3,\"name\":\"Titandioxid: ein wesentlicher Bestandteil von Farben\"}]},{\"@type\":\"WebSite\",\"@id\":\"https:\\\/\\\/www.tdma.info\\\/#website\",\"url\":\"https:\\\/\\\/www.tdma.info\\\/\",\"name\":\"CEFIC\",\"description\":\"\",\"publisher\":{\"@id\":\"https:\\\/\\\/www.tdma.info\\\/#organization\"},\"potentialAction\":[{\"@type\":\"SearchAction\",\"target\":{\"@type\":\"EntryPoint\",\"urlTemplate\":\"https:\\\/\\\/www.tdma.info\\\/?s={search_term_string}\"},\"query-input\":{\"@type\":\"PropertyValueSpecification\",\"valueRequired\":true,\"valueName\":\"search_term_string\"}}],\"inLanguage\":\"de\"},{\"@type\":\"Organization\",\"@id\":\"https:\\\/\\\/www.tdma.info\\\/#organization\",\"name\":\"CEFIC\",\"url\":\"https:\\\/\\\/www.tdma.info\\\/\",\"logo\":{\"@type\":\"ImageObject\",\"inLanguage\":\"de\",\"@id\":\"https:\\\/\\\/www.tdma.info\\\/#\\\/schema\\\/logo\\\/image\\\/\",\"url\":\"https:\\\/\\\/www.tdma.info\\\/wp-content\\\/uploads\\\/2025\\\/02\\\/cefic-logo.png\",\"contentUrl\":\"https:\\\/\\\/www.tdma.info\\\/wp-content\\\/uploads\\\/2025\\\/02\\\/cefic-logo.png\",\"width\":282,\"height\":125,\"caption\":\"CEFIC\"},\"image\":{\"@id\":\"https:\\\/\\\/www.tdma.info\\\/#\\\/schema\\\/logo\\\/image\\\/\"}}]}<\/script>\n<!-- \/ Yoast SEO plugin. -->","yoast_head_json":{"title":"Titandioxid: ein wesentlicher Bestandteil von Farben - TDMA","robots":{"index":"index","follow":"follow","max-snippet":"max-snippet:-1","max-image-preview":"max-image-preview:large","max-video-preview":"max-video-preview:-1"},"canonical":"https:\/\/www.tdma.info\/de\/einsatzgebiete-von-titandioxid\/titandioxid-ein-wesentlicher-bestandteil-von-farben\/","og_locale":"de_DE","og_type":"article","og_title":"Titandioxid: ein wesentlicher Bestandteil von Farben - TDMA","og_description":"Titandioxid (TiO2) ist ein Stoff, der in einer Vielzahl von Alltagsprodukten enthalten ist - von Kunststoffen bis hin zu Sonnenschutzmitteln.Es hat viele einzigartige Qualit\u00e4ten, aber seine Eigenschaften als Pigment sind besonders au\u00dfergew\u00f6hnlich und wertvoll. Mit seiner unglaublichen F\u00e4higkeit, Licht zu streuen, schafft es lang anhaltende, helle und undurchsichtige Farben f\u00fcr viele Anwendungen. Erfahren Sie mehr [&hellip;]","og_url":"https:\/\/www.tdma.info\/de\/einsatzgebiete-von-titandioxid\/titandioxid-ein-wesentlicher-bestandteil-von-farben\/","og_site_name":"TDMA","article_modified_time":"2025-01-23T14:01:33+00:00","og_image":[{"width":2000,"height":734,"url":"https:\/\/www.tdma.info\/wp-content\/uploads\/2024\/12\/The-economic-impact-of-titanium-dioxide-in-Europe.jpg.webp","type":"image\/webp"}],"twitter_card":"summary_large_image","twitter_misc":{"Gesch\u00e4tzte Lesezeit":"1\u00a0Minute"},"schema":{"@context":"https:\/\/schema.org","@graph":[{"@type":"WebPage","@id":"https:\/\/www.tdma.info\/de\/einsatzgebiete-von-titandioxid\/titandioxid-ein-wesentlicher-bestandteil-von-farben\/","url":"https:\/\/www.tdma.info\/de\/einsatzgebiete-von-titandioxid\/titandioxid-ein-wesentlicher-bestandteil-von-farben\/","name":"Titandioxid: ein wesentlicher Bestandteil von Farben - TDMA","isPartOf":{"@id":"https:\/\/www.tdma.info\/#website"},"primaryImageOfPage":{"@id":"https:\/\/www.tdma.info\/de\/einsatzgebiete-von-titandioxid\/titandioxid-ein-wesentlicher-bestandteil-von-farben\/#primaryimage"},"image":{"@id":"https:\/\/www.tdma.info\/de\/einsatzgebiete-von-titandioxid\/titandioxid-ein-wesentlicher-bestandteil-von-farben\/#primaryimage"},"thumbnailUrl":"https:\/\/www.tdma.info\/wp-content\/uploads\/2024\/12\/The-economic-impact-of-titanium-dioxide-in-Europe.jpg.webp","datePublished":"2024-12-03T11:50:34+00:00","dateModified":"2025-01-23T14:01:33+00:00","breadcrumb":{"@id":"https:\/\/www.tdma.info\/de\/einsatzgebiete-von-titandioxid\/titandioxid-ein-wesentlicher-bestandteil-von-farben\/#breadcrumb"},"inLanguage":"de","potentialAction":[{"@type":"ReadAction","target":["https:\/\/www.tdma.info\/de\/einsatzgebiete-von-titandioxid\/titandioxid-ein-wesentlicher-bestandteil-von-farben\/"]}]},{"@type":"ImageObject","inLanguage":"de","@id":"https:\/\/www.tdma.info\/de\/einsatzgebiete-von-titandioxid\/titandioxid-ein-wesentlicher-bestandteil-von-farben\/#primaryimage","url":"https:\/\/www.tdma.info\/wp-content\/uploads\/2024\/12\/The-economic-impact-of-titanium-dioxide-in-Europe.jpg.webp","contentUrl":"https:\/\/www.tdma.info\/wp-content\/uploads\/2024\/12\/The-economic-impact-of-titanium-dioxide-in-Europe.jpg.webp","width":2000,"height":734},{"@type":"BreadcrumbList","@id":"https:\/\/www.tdma.info\/de\/einsatzgebiete-von-titandioxid\/titandioxid-ein-wesentlicher-bestandteil-von-farben\/#breadcrumb","itemListElement":[{"@type":"ListItem","position":1,"name":"Home","item":"https:\/\/www.tdma.info\/de\/home\/"},{"@type":"ListItem","position":2,"name":"Einsatzgebiete von Titandioxid","item":"https:\/\/www.tdma.info\/uses-of-tio2\/"},{"@type":"ListItem","position":3,"name":"Titandioxid: ein wesentlicher Bestandteil von Farben"}]},{"@type":"WebSite","@id":"https:\/\/www.tdma.info\/#website","url":"https:\/\/www.tdma.info\/","name":"CEFIC","description":"","publisher":{"@id":"https:\/\/www.tdma.info\/#organization"},"potentialAction":[{"@type":"SearchAction","target":{"@type":"EntryPoint","urlTemplate":"https:\/\/www.tdma.info\/?s={search_term_string}"},"query-input":{"@type":"PropertyValueSpecification","valueRequired":true,"valueName":"search_term_string"}}],"inLanguage":"de"},{"@type":"Organization","@id":"https:\/\/www.tdma.info\/#organization","name":"CEFIC","url":"https:\/\/www.tdma.info\/","logo":{"@type":"ImageObject","inLanguage":"de","@id":"https:\/\/www.tdma.info\/#\/schema\/logo\/image\/","url":"https:\/\/www.tdma.info\/wp-content\/uploads\/2025\/02\/cefic-logo.png","contentUrl":"https:\/\/www.tdma.info\/wp-content\/uploads\/2025\/02\/cefic-logo.png","width":282,"height":125,"caption":"CEFIC"},"image":{"@id":"https:\/\/www.tdma.info\/#\/schema\/logo\/image\/"}}]}},"_links":{"self":[{"href":"https:\/\/www.tdma.info\/de\/wp-json\/wp\/v2\/pages\/275660","targetHints":{"allow":["GET"]}}],"collection":[{"href":"https:\/\/www.tdma.info\/de\/wp-json\/wp\/v2\/pages"}],"about":[{"href":"https:\/\/www.tdma.info\/de\/wp-json\/wp\/v2\/types\/page"}],"author":[{"embeddable":true,"href":"https:\/\/www.tdma.info\/de\/wp-json\/wp\/v2\/users\/1"}],"replies":[{"embeddable":true,"href":"https:\/\/www.tdma.info\/de\/wp-json\/wp\/v2\/comments?post=275660"}],"version-history":[{"count":9,"href":"https:\/\/www.tdma.info\/de\/wp-json\/wp\/v2\/pages\/275660\/revisions"}],"predecessor-version":[{"id":279063,"href":"https:\/\/www.tdma.info\/de\/wp-json\/wp\/v2\/pages\/275660\/revisions\/279063"}],"up":[{"embeddable":true,"href":"https:\/\/www.tdma.info\/de\/wp-json\/wp\/v2\/pages\/276407"}],"wp:featuredmedia":[{"embeddable":true,"href":"https:\/\/www.tdma.info\/de\/wp-json\/wp\/v2\/media\/274546"}],"wp:attachment":[{"href":"https:\/\/www.tdma.info\/de\/wp-json\/wp\/v2\/media?parent=275660"}],"wp:term":[{"taxonomy":"difl_page_category","embeddable":true,"href":"https:\/\/www.tdma.info\/de\/wp-json\/wp\/v2\/difl_page_category?post=275660"},{"taxonomy":"application_category","embeddable":true,"href":"https:\/\/www.tdma.info\/de\/wp-json\/wp\/v2\/application_category?post=275660"}],"curies":[{"name":"wp","href":"https:\/\/api.w.org\/{rel}","templated":true}]}}