{"id":276000,"date":"2024-12-03T16:58:25","date_gmt":"2024-12-03T15:58:25","guid":{"rendered":"https:\/\/www.tdma.info\/responsible-care-und-die-tio2-industrie\/"},"modified":"2025-01-28T10:15:10","modified_gmt":"2025-01-28T09:15:10","slug":"responsible-care-und-die-tio2-industrie","status":"publish","type":"page","link":"https:\/\/www.tdma.info\/de\/nachhaltigkeit\/responsible-care-und-die-tio2-industrie\/","title":{"rendered":"Responsible Care und die TiO<sub>2-<\/sub>Industrie"},"content":{"rendered":"<p>[et_pb_section fb_built=&#8220;1&#8243; _builder_version=&#8220;4.27.3&#8243; _module_preset=&#8220;default&#8220; background_color=&#8220;#efeded&#8220; custom_padding=&#8220;10px||10px||true|false&#8220; global_colors_info=&#8220;{}&#8220;][et_pb_row _builder_version=&#8220;4.27.3&#8243; _module_preset=&#8220;default&#8220; global_colors_info=&#8220;{}&#8220;][et_pb_column type=&#8220;4_4&#8243; _builder_version=&#8220;4.27.3&#8243; _module_preset=&#8220;default&#8220; global_colors_info=&#8220;{}&#8220;][et_pb_text _builder_version=&#8220;4.27.3&#8243; _dynamic_attributes=&#8220;content&#8220; _module_preset=&#8220;default&#8220; header_font_size=&#8220;30px&#8220; header_font_size_tablet=&#8220;30px&#8220; header_font_size_phone=&#8220;20px&#8220; header_font_size_last_edited=&#8220;on|phone&#8220; global_colors_info=&#8220;{}&#8220;]@ET-DC@eyJkeW5hbWljIjp0cnVlLCJjb250ZW50IjoicG9zdF90aXRsZSIsInNldHRpbmdzIjp7ImJlZm9yZSI6IjxoMT4iLCJhZnRlciI6IjwvaDE+In19@[\/et_pb_text][\/et_pb_column][\/et_pb_row][\/et_pb_section][et_pb_section fb_built=&#8220;1&#8243; _builder_version=&#8220;4.27.3&#8243; _module_preset=&#8220;default&#8220; custom_padding=&#8220;0px|||||&#8220; global_colors_info=&#8220;{}&#8220;][et_pb_row column_structure=&#8220;3_4,1_4&#8243; use_custom_gutter=&#8220;on&#8220; gutter_width=&#8220;2&#8243; _builder_version=&#8220;4.27.3&#8243; _module_preset=&#8220;default&#8220; locked=&#8220;off&#8220; global_colors_info=&#8220;{}&#8220;][et_pb_column type=&#8220;3_4&#8243; _builder_version=&#8220;4.27.3&#8243; _module_preset=&#8220;default&#8220; custom_padding=&#8220;||30px||false|false&#8220; border_width_bottom=&#8220;1px&#8220; global_colors_info=&#8220;{}&#8220;][et_pb_image src=&#8220;https:\/\/www.tdma.info\/wp-content\/uploads\/2024\/12\/responsible.png.webp&#8220; force_fullwidth=&#8220;on&#8220; _builder_version=&#8220;4.27.4&#8243; _module_preset=&#8220;default&#8220; custom_padding=&#8220;||20px||false|false&#8220; global_colors_info=&#8220;{}&#8220;][\/et_pb_image][et_pb_text _builder_version=&#8220;4.27.4&#8243; _module_preset=&#8220;default&#8220; hover_enabled=&#8220;0&#8243; global_colors_info=&#8220;{}&#8220; sticky_enabled=&#8220;0&#8243;]<\/p>\n<p>Als Mitglieder von Cefic arbeiten TDMA-Unternehmen an der Einhaltung und F\u00f6rderung der\u00a0<a href=\"https:\/\/cefic.org\/responsible-care\/\" target=\"_blank\" rel=\"noopener\">Responsible Care<sup>\u00ae<\/sup><\/a>-Verhaltensrichtlinien. Responsible Care ist eine Initiative der globalen chemischen Industrie, durch die sich Unternehmen, nationale Verb\u00e4nde der chemischen Industrie und ihre Partner verpflichten:<\/p>\n<ul>\n<li>das Wissen und die Leistung unserer Technologien, Prozesse und Produkte in den Bereichen Umwelt, Gesundheit und Sicherheit kontinuierlich zu verbessern<\/li>\n<li>Ressourcen effizient zu nutzen und Abfall zu minimieren<\/li>\n<li>offen \u00fcber Leistungen, Errungenschaften und M\u00e4ngel zu berichten<\/li>\n<li>anderen Menschen zuzuh\u00f6ren, sich mit ihnen auszutauschen und mit ihnen zusammenarbeiten, um ihre Bedenken und Erwartungen zu verstehen und darauf einzugehen<\/li>\n<li>mit Regierungen und Organisationen bei der Entwicklung und Umsetzung wirksamer Vorschriften und Standards zusammenzuarbeiten und diese einzuhalten oder zu \u00fcbertreffen<\/li>\n<li>Unterst\u00fctzung und Beratung anzubieten, um das verantwortungsvolle Management von Chemikalien durch all diejenigen, die sie entlang der Produktkette verwalten und verwenden, zu f\u00f6rdern<\/li>\n<\/ul>\n<p>[\/et_pb_text][\/et_pb_column][et_pb_column type=&#8220;1_4&#8243; _builder_version=&#8220;4.27.3&#8243; _module_preset=&#8220;default&#8220; global_colors_info=&#8220;{}&#8220;][et_pb_code _builder_version=&#8220;4.27.4&#8243; _module_preset=&#8220;default&#8220; background_color=&#8220;#efeded&#8220; custom_padding=&#8220;30px|30px|30px|30px|true|true&#8220; sticky_position=&#8220;top&#8220; sticky_offset_top=&#8220;30px&#8220; sticky_limit_bottom=&#8220;section&#8220; sticky_position_tablet=&#8220;none&#8220; sticky_position_phone=&#8220;none&#8220; sticky_position_last_edited=&#8220;on|desktop&#8220; custom_css_free_form=&#8220;selector .title {||  font-size: 20px;||  font-weight: 700;||}&#8220; border_width_top=&#8220;1px&#8220; global_module=&#8220;278184&#8243; locked=&#8220;off&#8220; global_colors_info=&#8220;{}&#8220;]<\/p>\n<div class=\"title\"><!-- [et_pb_line_break_holder] -->Verwandte Artikel<!-- [et_pb_line_break_holder] --><\/div>\n<p><!-- [et_pb_line_break_holder] --><div class=\" mc-posts-list side-list\"><div class=\"list-item page\"><div class=\"list-item-wrapper has-image\"><a class=\"list-thumbnail\" style=\"background-image:url(https:\/\/www.tdma.info\/wp-content\/uploads\/2025\/11\/renewables-shutterstock_2514979649-1024x521.jpg);\" href=\"https:\/\/www.tdma.info\/de\/nachhaltigkeit\/eu-green-deal-und-tio2\/\" rel=\"noopener noreferrer\"><img decoding=\"async\" src=\"https:\/\/www.tdma.info\/wp-content\/uploads\/2025\/11\/renewables-shutterstock_2514979649-1024x521.jpg\" alt=\"Der EU Green Deal und TiO<sub>2<\/sub>\"\/><span class=\"hover-image\" style=\"background-image:url(https:\/\/www.tdma.info\/wp-content\/uploads\/2025\/11\/renewables-shutterstock_2514979649-1024x521.jpg);\"><\/span><\/a><div class=\"list-content-wrapper\"><div class=\"list-content-header\"><\/div><div class=\"list-content-body\"><h4 class=\"list-title\"><a href=\"https:\/\/www.tdma.info\/de\/nachhaltigkeit\/eu-green-deal-und-tio2\/\" rel=\"noopener noreferrer\">Der EU Green Deal und TiO<sub>2<\/sub><\/a><\/h4><div class=\"list-excerpt\"><\/div><div class=\"list-content-footer\"><a class=\"list-read-more\" target=\"_self\" href=\"https:\/\/www.tdma.info\/de\/nachhaltigkeit\/eu-green-deal-und-tio2\/\" rel=\"noopener noreferrer\"><span>Mehr lesent<\/span><\/a><\/div><\/div><\/div><\/div><\/div><div class=\"list-item page\"><div class=\"list-item-wrapper has-image\"><a class=\"list-thumbnail\" style=\"background-image:url(https:\/\/www.tdma.info\/wp-content\/uploads\/2024\/12\/sustainable-industry-2.png-1024x376.webp);\" href=\"https:\/\/www.tdma.info\/de\/sicherheit\/titandioxid-und-lebensmittelkontakt-materialien\/\" rel=\"noopener noreferrer\"><img decoding=\"async\" src=\"https:\/\/www.tdma.info\/wp-content\/uploads\/2024\/12\/sustainable-industry-2.png-1024x376.webp\" alt=\"Titandioxid und Lebensmittelkontakt-Materialien\"\/><span class=\"hover-image\" style=\"background-image:url(https:\/\/www.tdma.info\/wp-content\/uploads\/2024\/12\/sustainable-industry-2.png-1024x376.webp);\"><\/span><\/a><div class=\"list-content-wrapper\"><div class=\"list-content-header\"><\/div><div class=\"list-content-body\"><h4 class=\"list-title\"><a href=\"https:\/\/www.tdma.info\/de\/sicherheit\/titandioxid-und-lebensmittelkontakt-materialien\/\" rel=\"noopener noreferrer\">Titandioxid und Lebensmittelkontakt-Materialien<\/a><\/h4><div class=\"list-excerpt\"><\/div><div class=\"list-content-footer\"><a class=\"list-read-more\" target=\"_self\" href=\"https:\/\/www.tdma.info\/de\/sicherheit\/titandioxid-und-lebensmittelkontakt-materialien\/\" rel=\"noopener noreferrer\"><span>Mehr lesent<\/span><\/a><\/div><\/div><\/div><\/div><\/div><div class=\"list-item page\"><div class=\"list-item-wrapper has-image\"><a class=\"list-thumbnail\" style=\"background-image:url(https:\/\/www.tdma.info\/wp-content\/uploads\/2025\/11\/paint-shutterstock_2271918559-1024x460.jpg);\" href=\"https:\/\/www.tdma.info\/de\/nachhaltigkeit\/produkt-umweltbilanz-von-farben-mit-tio2\/\" rel=\"noopener noreferrer\"><img decoding=\"async\" src=\"https:\/\/www.tdma.info\/wp-content\/uploads\/2025\/11\/paint-shutterstock_2271918559-1024x460.jpg\" alt=\"Produkt-Umweltbilanz von Farben mit TiO<sub>2<\/sub>\"\/><span class=\"hover-image\" style=\"background-image:url(https:\/\/www.tdma.info\/wp-content\/uploads\/2025\/11\/paint-shutterstock_2271918559-1024x460.jpg);\"><\/span><\/a><div class=\"list-content-wrapper\"><div class=\"list-content-header\"><\/div><div class=\"list-content-body\"><h4 class=\"list-title\"><a href=\"https:\/\/www.tdma.info\/de\/nachhaltigkeit\/produkt-umweltbilanz-von-farben-mit-tio2\/\" rel=\"noopener noreferrer\">Produkt-Umweltbilanz von Farben mit TiO<sub>2<\/sub><\/a><\/h4><div class=\"list-excerpt\"><\/div><div class=\"list-content-footer\"><a class=\"list-read-more\" target=\"_self\" href=\"https:\/\/www.tdma.info\/de\/nachhaltigkeit\/produkt-umweltbilanz-von-farben-mit-tio2\/\" rel=\"noopener noreferrer\"><span>Mehr lesent<\/span><\/a><\/div><\/div><\/div><\/div><\/div><div class=\"list-item page\"><div class=\"list-item-wrapper has-image\"><a class=\"list-thumbnail\" style=\"background-image:url(https:\/\/www.tdma.info\/wp-content\/uploads\/2025\/11\/shutterstock_2309356623-1024x536.jpg);\" href=\"https:\/\/www.tdma.info\/de\/nachhaltigkeit\/wie-titandioxid-der-kreislaufwirtschaft-zugutekommt\/\" rel=\"noopener noreferrer\"><img decoding=\"async\" src=\"https:\/\/www.tdma.info\/wp-content\/uploads\/2025\/11\/shutterstock_2309356623-1024x536.jpg\" alt=\"Wie Titandioxid der Kreislaufwirtschaft zugutekommt\"\/><span class=\"hover-image\" style=\"background-image:url(https:\/\/www.tdma.info\/wp-content\/uploads\/2025\/11\/shutterstock_2309356623-1024x536.jpg);\"><\/span><\/a><div class=\"list-content-wrapper\"><div class=\"list-content-header\"><\/div><div class=\"list-content-body\"><h4 class=\"list-title\"><a href=\"https:\/\/www.tdma.info\/de\/nachhaltigkeit\/wie-titandioxid-der-kreislaufwirtschaft-zugutekommt\/\" rel=\"noopener noreferrer\">Wie Titandioxid der Kreislaufwirtschaft zugutekommt<\/a><\/h4><div class=\"list-excerpt\"><\/div><div class=\"list-content-footer\"><a class=\"list-read-more\" target=\"_self\" href=\"https:\/\/www.tdma.info\/de\/nachhaltigkeit\/wie-titandioxid-der-kreislaufwirtschaft-zugutekommt\/\" rel=\"noopener noreferrer\"><span>Mehr lesent<\/span><\/a><\/div><\/div><\/div><\/div><\/div><div class=\"list-item page\"><div class=\"list-item-wrapper has-image\"><a class=\"list-thumbnail\" style=\"background-image:url(https:\/\/www.tdma.info\/wp-content\/uploads\/2025\/11\/built-environment-shutterstock_2471062095-1024x683.jpg);\" href=\"https:\/\/www.tdma.info\/de\/nachhaltigkeit\/titandioxid-in-der-nachhaltigen-baulichen-umwelt\/\" rel=\"noopener noreferrer\"><img decoding=\"async\" src=\"https:\/\/www.tdma.info\/wp-content\/uploads\/2025\/11\/built-environment-shutterstock_2471062095-1024x683.jpg\" alt=\"Titandioxid in der nachhaltigen baulichen Umwelt\"\/><span class=\"hover-image\" style=\"background-image:url(https:\/\/www.tdma.info\/wp-content\/uploads\/2025\/11\/built-environment-shutterstock_2471062095-1024x683.jpg);\"><\/span><\/a><div class=\"list-content-wrapper\"><div class=\"list-content-header\"><\/div><div class=\"list-content-body\"><h4 class=\"list-title\"><a href=\"https:\/\/www.tdma.info\/de\/nachhaltigkeit\/titandioxid-in-der-nachhaltigen-baulichen-umwelt\/\" rel=\"noopener noreferrer\">Titandioxid in der nachhaltigen baulichen Umwelt<\/a><\/h4><div class=\"list-excerpt\"><\/div><div class=\"list-content-footer\"><a class=\"list-read-more\" target=\"_self\" href=\"https:\/\/www.tdma.info\/de\/nachhaltigkeit\/titandioxid-in-der-nachhaltigen-baulichen-umwelt\/\" rel=\"noopener noreferrer\"><span>Mehr lesent<\/span><\/a><\/div><\/div><\/div><\/div><\/div><\/div>[\/et_pb_code][\/et_pb_column][\/et_pb_row][\/et_pb_section][et_pb_section fb_built=&#8220;1&#8243; _builder_version=&#8220;4.27.4&#8243; _module_preset=&#8220;default&#8220; locked=&#8220;off&#8220; global_colors_info=&#8220;{}&#8220;][et_pb_row _builder_version=&#8220;4.27.4&#8243; _module_preset=&#8220;default&#8220; global_module=&#8220;275254&#8243; locked=&#8220;off&#8220; global_colors_info=&#8220;{}&#8220;][et_pb_column type=&#8220;4_4&#8243; _builder_version=&#8220;4.27.4&#8243; _module_preset=&#8220;default&#8220; global_colors_info=&#8220;{}&#8220;][et_pb_text admin_label=&#8220;Text&#8220; _builder_version=&#8220;4.27.4&#8243; _module_preset=&#8220;default&#8220; global_colors_info=&#8220;{}&#8220;]<\/p>\n<h2>Das k\u00f6nnte Ihnen auch gefallen<\/h2>\n<p>[\/et_pb_text][et_pb_code _builder_version=&#8220;4.27.4&#8243; _module_preset=&#8220;default&#8220; global_colors_info=&#8220;{}&#8220;]<div class=\" mc-posts-list text-on-image-list\"><div class=\"list-item page\"><div class=\"list-item-wrapper has-image\"><a class=\"list-thumbnail\" style=\"background-image:url(https:\/\/www.tdma.info\/wp-content\/uploads\/2025\/11\/shutterstock_2624095477-1024x529.jpg);\" href=\"https:\/\/www.tdma.info\/de\/einsatzgebiete-von-titandioxid\/wie-titandioxid-ihre-im-freien-verwendeten-kunststoffe-schuetzt\/\" rel=\"noopener noreferrer\"><img decoding=\"async\" src=\"https:\/\/www.tdma.info\/wp-content\/uploads\/2025\/11\/shutterstock_2624095477-1024x529.jpg\" alt=\"Wie Titandioxid Ihre im Freien verwendeten Kunststoffe sch\u00fctzt\"\/><span class=\"hover-image\" style=\"background-image:url(https:\/\/www.tdma.info\/wp-content\/uploads\/2025\/11\/shutterstock_2624095477-1024x529.jpg);\"><\/span><\/a><div class=\"list-content-wrapper\"><div class=\"list-content-header\"><\/div><div class=\"list-content-body\"><h4 class=\"list-title\"><a href=\"https:\/\/www.tdma.info\/de\/einsatzgebiete-von-titandioxid\/wie-titandioxid-ihre-im-freien-verwendeten-kunststoffe-schuetzt\/\" rel=\"noopener noreferrer\">Wie Titandioxid Ihre im Freien verwendeten Kunststoffe sch\u00fctzt<\/a><\/h4><div class=\"list-excerpt\"><\/div><div class=\"list-content-footer\"><a class=\"list-read-more\" target=\"_self\" href=\"https:\/\/www.tdma.info\/de\/einsatzgebiete-von-titandioxid\/wie-titandioxid-ihre-im-freien-verwendeten-kunststoffe-schuetzt\/\" rel=\"noopener noreferrer\"><span>Mehr lesent<\/span><\/a><\/div><\/div><\/div><\/div><\/div><div class=\"list-item page\"><div class=\"list-item-wrapper has-image\"><a class=\"list-thumbnail\" style=\"background-image:url(https:\/\/www.tdma.info\/wp-content\/uploads\/2025\/11\/batteries-shutterstock_2365806353-1024x575.jpg);\" href=\"https:\/\/www.tdma.info\/de\/einsatzgebiete-von-titandioxid\/koennte-titandioxid-die-loesung-fuer-das-batterieproblem-sein\/\" rel=\"noopener noreferrer\"><img decoding=\"async\" src=\"https:\/\/www.tdma.info\/wp-content\/uploads\/2025\/11\/batteries-shutterstock_2365806353-1024x575.jpg\" alt=\"K\u00f6nnte Titandioxid die L\u00f6sung f\u00fcr das Batterieproblem sein?\"\/><span class=\"hover-image\" style=\"background-image:url(https:\/\/www.tdma.info\/wp-content\/uploads\/2025\/11\/batteries-shutterstock_2365806353-1024x575.jpg);\"><\/span><\/a><div class=\"list-content-wrapper\"><div class=\"list-content-header\"><\/div><div class=\"list-content-body\"><h4 class=\"list-title\"><a href=\"https:\/\/www.tdma.info\/de\/einsatzgebiete-von-titandioxid\/koennte-titandioxid-die-loesung-fuer-das-batterieproblem-sein\/\" rel=\"noopener noreferrer\">K\u00f6nnte Titandioxid die L\u00f6sung f\u00fcr das Batterieproblem sein?<\/a><\/h4><div class=\"list-excerpt\"><\/div><div class=\"list-content-footer\"><a class=\"list-read-more\" target=\"_self\" href=\"https:\/\/www.tdma.info\/de\/einsatzgebiete-von-titandioxid\/koennte-titandioxid-die-loesung-fuer-das-batterieproblem-sein\/\" rel=\"noopener noreferrer\"><span>Mehr lesent<\/span><\/a><\/div><\/div><\/div><\/div><\/div><\/div>\t[\/et_pb_code][\/et_pb_column][\/et_pb_row][\/et_pb_section]<\/p>\n","protected":false},"excerpt":{"rendered":"<p>Als Mitglieder von Cefic arbeiten TDMA-Unternehmen an der Einhaltung und F\u00f6rderung der\u00a0Responsible Care\u00ae-Verhaltensrichtlinien. Responsible Care ist eine Initiative der globalen chemischen Industrie, durch die sich Unternehmen, nationale Verb\u00e4nde der chemischen Industrie und ihre Partner verpflichten: das Wissen und die Leistung unserer Technologien, Prozesse und Produkte in den Bereichen Umwelt, Gesundheit und Sicherheit kontinuierlich zu verbessern [&hellip;]<\/p>\n","protected":false},"author":1,"featured_media":274786,"parent":276176,"menu_order":0,"comment_status":"closed","ping_status":"closed","template":"","meta":{"_et_pb_use_builder":"on","_et_pb_old_content":"","_et_gb_content_width":"","inline_featured_image":false,"footnotes":""},"difl_page_category":[],"application_category":[],"class_list":["post-276000","page","type-page","status-publish","has-post-thumbnail","hentry"],"yoast_head":"<!-- This site is optimized with the Yoast SEO plugin v27.5 - https:\/\/yoast.com\/product\/yoast-seo-wordpress\/ -->\n<title>Responsible Care und die TiO2-Industrie - TDMA<\/title>\n<meta name=\"robots\" content=\"index, follow, max-snippet:-1, max-image-preview:large, max-video-preview:-1\" \/>\n<link rel=\"canonical\" href=\"https:\/\/www.tdma.info\/de\/nachhaltigkeit\/responsible-care-und-die-tio2-industrie\/\" \/>\n<meta property=\"og:locale\" content=\"de_DE\" \/>\n<meta property=\"og:type\" content=\"article\" \/>\n<meta property=\"og:title\" content=\"Responsible Care und die TiO2-Industrie - TDMA\" \/>\n<meta property=\"og:description\" content=\"Als Mitglieder von Cefic arbeiten TDMA-Unternehmen an der Einhaltung und F\u00f6rderung der\u00a0Responsible Care\u00ae-Verhaltensrichtlinien. Responsible Care ist eine Initiative der globalen chemischen Industrie, durch die sich Unternehmen, nationale Verb\u00e4nde der chemischen Industrie und ihre Partner verpflichten: das Wissen und die Leistung unserer Technologien, Prozesse und Produkte in den Bereichen Umwelt, Gesundheit und Sicherheit kontinuierlich zu verbessern [&hellip;]\" \/>\n<meta property=\"og:url\" content=\"https:\/\/www.tdma.info\/de\/nachhaltigkeit\/responsible-care-und-die-tio2-industrie\/\" \/>\n<meta property=\"og:site_name\" content=\"TDMA\" \/>\n<meta property=\"article:modified_time\" content=\"2025-01-28T09:15:10+00:00\" \/>\n<meta property=\"og:image\" content=\"https:\/\/www.tdma.info\/wp-content\/uploads\/2024\/12\/responsible.png.webp\" \/>\n\t<meta property=\"og:image:width\" content=\"1336\" \/>\n\t<meta property=\"og:image:height\" content=\"490\" \/>\n\t<meta property=\"og:image:type\" content=\"image\/webp\" \/>\n<meta name=\"twitter:card\" content=\"summary_large_image\" \/>\n<meta name=\"twitter:label1\" content=\"Gesch\u00e4tzte Lesezeit\" \/>\n\t<meta name=\"twitter:data1\" content=\"2\u00a0Minuten\" \/>\n<script type=\"application\/ld+json\" class=\"yoast-schema-graph\">{\"@context\":\"https:\\\/\\\/schema.org\",\"@graph\":[{\"@type\":\"WebPage\",\"@id\":\"https:\\\/\\\/www.tdma.info\\\/de\\\/nachhaltigkeit\\\/responsible-care-und-die-tio2-industrie\\\/\",\"url\":\"https:\\\/\\\/www.tdma.info\\\/de\\\/nachhaltigkeit\\\/responsible-care-und-die-tio2-industrie\\\/\",\"name\":\"Responsible Care und die TiO2-Industrie - TDMA\",\"isPartOf\":{\"@id\":\"https:\\\/\\\/www.tdma.info\\\/#website\"},\"primaryImageOfPage\":{\"@id\":\"https:\\\/\\\/www.tdma.info\\\/de\\\/nachhaltigkeit\\\/responsible-care-und-die-tio2-industrie\\\/#primaryimage\"},\"image\":{\"@id\":\"https:\\\/\\\/www.tdma.info\\\/de\\\/nachhaltigkeit\\\/responsible-care-und-die-tio2-industrie\\\/#primaryimage\"},\"thumbnailUrl\":\"https:\\\/\\\/www.tdma.info\\\/wp-content\\\/uploads\\\/2024\\\/12\\\/responsible.png.webp\",\"datePublished\":\"2024-12-03T15:58:25+00:00\",\"dateModified\":\"2025-01-28T09:15:10+00:00\",\"breadcrumb\":{\"@id\":\"https:\\\/\\\/www.tdma.info\\\/de\\\/nachhaltigkeit\\\/responsible-care-und-die-tio2-industrie\\\/#breadcrumb\"},\"inLanguage\":\"de\",\"potentialAction\":[{\"@type\":\"ReadAction\",\"target\":[\"https:\\\/\\\/www.tdma.info\\\/de\\\/nachhaltigkeit\\\/responsible-care-und-die-tio2-industrie\\\/\"]}]},{\"@type\":\"ImageObject\",\"inLanguage\":\"de\",\"@id\":\"https:\\\/\\\/www.tdma.info\\\/de\\\/nachhaltigkeit\\\/responsible-care-und-die-tio2-industrie\\\/#primaryimage\",\"url\":\"https:\\\/\\\/www.tdma.info\\\/wp-content\\\/uploads\\\/2024\\\/12\\\/responsible.png.webp\",\"contentUrl\":\"https:\\\/\\\/www.tdma.info\\\/wp-content\\\/uploads\\\/2024\\\/12\\\/responsible.png.webp\",\"width\":1336,\"height\":490},{\"@type\":\"BreadcrumbList\",\"@id\":\"https:\\\/\\\/www.tdma.info\\\/de\\\/nachhaltigkeit\\\/responsible-care-und-die-tio2-industrie\\\/#breadcrumb\",\"itemListElement\":[{\"@type\":\"ListItem\",\"position\":1,\"name\":\"Home\",\"item\":\"https:\\\/\\\/www.tdma.info\\\/de\\\/home\\\/\"},{\"@type\":\"ListItem\",\"position\":2,\"name\":\"Nachhaltigkeit\",\"item\":\"https:\\\/\\\/www.tdma.info\\\/de\\\/nachhaltigkeit\\\/\"},{\"@type\":\"ListItem\",\"position\":3,\"name\":\"Responsible Care und die TiO2-Industrie\"}]},{\"@type\":\"WebSite\",\"@id\":\"https:\\\/\\\/www.tdma.info\\\/#website\",\"url\":\"https:\\\/\\\/www.tdma.info\\\/\",\"name\":\"CEFIC\",\"description\":\"\",\"publisher\":{\"@id\":\"https:\\\/\\\/www.tdma.info\\\/#organization\"},\"potentialAction\":[{\"@type\":\"SearchAction\",\"target\":{\"@type\":\"EntryPoint\",\"urlTemplate\":\"https:\\\/\\\/www.tdma.info\\\/?s={search_term_string}\"},\"query-input\":{\"@type\":\"PropertyValueSpecification\",\"valueRequired\":true,\"valueName\":\"search_term_string\"}}],\"inLanguage\":\"de\"},{\"@type\":\"Organization\",\"@id\":\"https:\\\/\\\/www.tdma.info\\\/#organization\",\"name\":\"CEFIC\",\"url\":\"https:\\\/\\\/www.tdma.info\\\/\",\"logo\":{\"@type\":\"ImageObject\",\"inLanguage\":\"de\",\"@id\":\"https:\\\/\\\/www.tdma.info\\\/#\\\/schema\\\/logo\\\/image\\\/\",\"url\":\"https:\\\/\\\/www.tdma.info\\\/wp-content\\\/uploads\\\/2025\\\/02\\\/cefic-logo.png\",\"contentUrl\":\"https:\\\/\\\/www.tdma.info\\\/wp-content\\\/uploads\\\/2025\\\/02\\\/cefic-logo.png\",\"width\":282,\"height\":125,\"caption\":\"CEFIC\"},\"image\":{\"@id\":\"https:\\\/\\\/www.tdma.info\\\/#\\\/schema\\\/logo\\\/image\\\/\"}}]}<\/script>\n<!-- \/ Yoast SEO plugin. -->","yoast_head_json":{"title":"Responsible Care und die TiO2-Industrie - TDMA","robots":{"index":"index","follow":"follow","max-snippet":"max-snippet:-1","max-image-preview":"max-image-preview:large","max-video-preview":"max-video-preview:-1"},"canonical":"https:\/\/www.tdma.info\/de\/nachhaltigkeit\/responsible-care-und-die-tio2-industrie\/","og_locale":"de_DE","og_type":"article","og_title":"Responsible Care und die TiO2-Industrie - TDMA","og_description":"Als Mitglieder von Cefic arbeiten TDMA-Unternehmen an der Einhaltung und F\u00f6rderung der\u00a0Responsible Care\u00ae-Verhaltensrichtlinien. Responsible Care ist eine Initiative der globalen chemischen Industrie, durch die sich Unternehmen, nationale Verb\u00e4nde der chemischen Industrie und ihre Partner verpflichten: das Wissen und die Leistung unserer Technologien, Prozesse und Produkte in den Bereichen Umwelt, Gesundheit und Sicherheit kontinuierlich zu verbessern [&hellip;]","og_url":"https:\/\/www.tdma.info\/de\/nachhaltigkeit\/responsible-care-und-die-tio2-industrie\/","og_site_name":"TDMA","article_modified_time":"2025-01-28T09:15:10+00:00","og_image":[{"width":1336,"height":490,"url":"https:\/\/www.tdma.info\/wp-content\/uploads\/2024\/12\/responsible.png.webp","type":"image\/webp"}],"twitter_card":"summary_large_image","twitter_misc":{"Gesch\u00e4tzte Lesezeit":"2\u00a0Minuten"},"schema":{"@context":"https:\/\/schema.org","@graph":[{"@type":"WebPage","@id":"https:\/\/www.tdma.info\/de\/nachhaltigkeit\/responsible-care-und-die-tio2-industrie\/","url":"https:\/\/www.tdma.info\/de\/nachhaltigkeit\/responsible-care-und-die-tio2-industrie\/","name":"Responsible Care und die TiO2-Industrie - TDMA","isPartOf":{"@id":"https:\/\/www.tdma.info\/#website"},"primaryImageOfPage":{"@id":"https:\/\/www.tdma.info\/de\/nachhaltigkeit\/responsible-care-und-die-tio2-industrie\/#primaryimage"},"image":{"@id":"https:\/\/www.tdma.info\/de\/nachhaltigkeit\/responsible-care-und-die-tio2-industrie\/#primaryimage"},"thumbnailUrl":"https:\/\/www.tdma.info\/wp-content\/uploads\/2024\/12\/responsible.png.webp","datePublished":"2024-12-03T15:58:25+00:00","dateModified":"2025-01-28T09:15:10+00:00","breadcrumb":{"@id":"https:\/\/www.tdma.info\/de\/nachhaltigkeit\/responsible-care-und-die-tio2-industrie\/#breadcrumb"},"inLanguage":"de","potentialAction":[{"@type":"ReadAction","target":["https:\/\/www.tdma.info\/de\/nachhaltigkeit\/responsible-care-und-die-tio2-industrie\/"]}]},{"@type":"ImageObject","inLanguage":"de","@id":"https:\/\/www.tdma.info\/de\/nachhaltigkeit\/responsible-care-und-die-tio2-industrie\/#primaryimage","url":"https:\/\/www.tdma.info\/wp-content\/uploads\/2024\/12\/responsible.png.webp","contentUrl":"https:\/\/www.tdma.info\/wp-content\/uploads\/2024\/12\/responsible.png.webp","width":1336,"height":490},{"@type":"BreadcrumbList","@id":"https:\/\/www.tdma.info\/de\/nachhaltigkeit\/responsible-care-und-die-tio2-industrie\/#breadcrumb","itemListElement":[{"@type":"ListItem","position":1,"name":"Home","item":"https:\/\/www.tdma.info\/de\/home\/"},{"@type":"ListItem","position":2,"name":"Nachhaltigkeit","item":"https:\/\/www.tdma.info\/de\/nachhaltigkeit\/"},{"@type":"ListItem","position":3,"name":"Responsible Care und die TiO2-Industrie"}]},{"@type":"WebSite","@id":"https:\/\/www.tdma.info\/#website","url":"https:\/\/www.tdma.info\/","name":"CEFIC","description":"","publisher":{"@id":"https:\/\/www.tdma.info\/#organization"},"potentialAction":[{"@type":"SearchAction","target":{"@type":"EntryPoint","urlTemplate":"https:\/\/www.tdma.info\/?s={search_term_string}"},"query-input":{"@type":"PropertyValueSpecification","valueRequired":true,"valueName":"search_term_string"}}],"inLanguage":"de"},{"@type":"Organization","@id":"https:\/\/www.tdma.info\/#organization","name":"CEFIC","url":"https:\/\/www.tdma.info\/","logo":{"@type":"ImageObject","inLanguage":"de","@id":"https:\/\/www.tdma.info\/#\/schema\/logo\/image\/","url":"https:\/\/www.tdma.info\/wp-content\/uploads\/2025\/02\/cefic-logo.png","contentUrl":"https:\/\/www.tdma.info\/wp-content\/uploads\/2025\/02\/cefic-logo.png","width":282,"height":125,"caption":"CEFIC"},"image":{"@id":"https:\/\/www.tdma.info\/#\/schema\/logo\/image\/"}}]}},"_links":{"self":[{"href":"https:\/\/www.tdma.info\/de\/wp-json\/wp\/v2\/pages\/276000","targetHints":{"allow":["GET"]}}],"collection":[{"href":"https:\/\/www.tdma.info\/de\/wp-json\/wp\/v2\/pages"}],"about":[{"href":"https:\/\/www.tdma.info\/de\/wp-json\/wp\/v2\/types\/page"}],"author":[{"embeddable":true,"href":"https:\/\/www.tdma.info\/de\/wp-json\/wp\/v2\/users\/1"}],"replies":[{"embeddable":true,"href":"https:\/\/www.tdma.info\/de\/wp-json\/wp\/v2\/comments?post=276000"}],"version-history":[{"count":16,"href":"https:\/\/www.tdma.info\/de\/wp-json\/wp\/v2\/pages\/276000\/revisions"}],"predecessor-version":[{"id":279629,"href":"https:\/\/www.tdma.info\/de\/wp-json\/wp\/v2\/pages\/276000\/revisions\/279629"}],"up":[{"embeddable":true,"href":"https:\/\/www.tdma.info\/de\/wp-json\/wp\/v2\/pages\/276176"}],"wp:featuredmedia":[{"embeddable":true,"href":"https:\/\/www.tdma.info\/de\/wp-json\/wp\/v2\/media\/274786"}],"wp:attachment":[{"href":"https:\/\/www.tdma.info\/de\/wp-json\/wp\/v2\/media?parent=276000"}],"wp:term":[{"taxonomy":"difl_page_category","embeddable":true,"href":"https:\/\/www.tdma.info\/de\/wp-json\/wp\/v2\/difl_page_category?post=276000"},{"taxonomy":"application_category","embeddable":true,"href":"https:\/\/www.tdma.info\/de\/wp-json\/wp\/v2\/application_category?post=276000"}],"curies":[{"name":"wp","href":"https:\/\/api.w.org\/{rel}","templated":true}]}}