{"id":276041,"date":"2024-12-04T10:12:57","date_gmt":"2024-12-04T09:12:57","guid":{"rendered":"https:\/\/www.tdma.info\/reach-regulation\/"},"modified":"2025-01-28T14:11:21","modified_gmt":"2025-01-28T13:11:21","slug":"reglamento-reach","status":"publish","type":"page","link":"https:\/\/www.tdma.info\/es\/seguridad\/reglamento-reach\/","title":{"rendered":"Reglamento REACH"},"content":{"rendered":"<p>[et_pb_section fb_built=\u00bb1&#8243; _builder_version=\u00bb4.27.3&#8243; _module_preset=\u00bbdefault\u00bb background_color=\u00bb#efeded\u00bb custom_padding=\u00bb10px||10px||true|false\u00bb global_colors_info=\u00bb{}\u00bb][et_pb_row _builder_version=\u00bb4.27.3&#8243; _module_preset=\u00bbdefault\u00bb global_colors_info=\u00bb{}\u00bb][et_pb_column type=\u00bb4_4&#8243; _builder_version=\u00bb4.27.3&#8243; _module_preset=\u00bbdefault\u00bb global_colors_info=\u00bb{}\u00bb][et_pb_text _builder_version=\u00bb4.27.3&#8243; _dynamic_attributes=\u00bbcontent\u00bb _module_preset=\u00bbdefault\u00bb header_font_size=\u00bb30px\u00bb header_font_size_tablet=\u00bb30px\u00bb header_font_size_phone=\u00bb20px\u00bb header_font_size_last_edited=\u00bbon|phone\u00bb global_colors_info=\u00bb{}\u00bb]@ET-DC@eyJkeW5hbWljIjp0cnVlLCJjb250ZW50IjoicG9zdF90aXRsZSIsInNldHRpbmdzIjp7ImJlZm9yZSI6IjxoMT4iLCJhZnRlciI6IjwvaDE+In19@[\/et_pb_text][\/et_pb_column][\/et_pb_row][\/et_pb_section][et_pb_section fb_built=\u00bb1&#8243; _builder_version=\u00bb4.27.3&#8243; _module_preset=\u00bbdefault\u00bb custom_padding=\u00bb0px|||||\u00bb global_colors_info=\u00bb{}\u00bb][et_pb_row column_structure=\u00bb3_4,1_4&#8243; use_custom_gutter=\u00bbon\u00bb gutter_width=\u00bb2&#8243; _builder_version=\u00bb4.27.3&#8243; _module_preset=\u00bbdefault\u00bb locked=\u00bboff\u00bb global_colors_info=\u00bb{}\u00bb][et_pb_column type=\u00bb3_4&#8243; _builder_version=\u00bb4.27.3&#8243; _module_preset=\u00bbdefault\u00bb custom_padding=\u00bb||30px||false|false\u00bb border_width_bottom=\u00bb1px\u00bb global_colors_info=\u00bb{}\u00bb][et_pb_image src=\u00bbhttps:\/\/www.tdma.info\/wp-content\/uploads\/2024\/12\/reach_main.jpg.webp\u00bb force_fullwidth=\u00bbon\u00bb _builder_version=\u00bb4.27.4&#8243; _module_preset=\u00bbdefault\u00bb custom_padding=\u00bb||20px||false|false\u00bb global_colors_info=\u00bb{}\u00bb][\/et_pb_image][et_pb_text _builder_version=\u00bb4.27.4&#8243; _module_preset=\u00bbdefault\u00bb header_3_font=\u00bbNoto Sans|600|||||||\u00bb hover_enabled=\u00bb0&#8243; global_colors_info=\u00bb{}\u00bb sticky_enabled=\u00bb0&#8243;]<\/p>\n<h3>REACH es una normativa de la Uni\u00f3n Europea para proteger la salud humana y el medio ambiente de los posibles riesgos que plantean las sustancias qu\u00edmicas, al tiempo que mantener y mejorar la competitividad de los productos qu\u00edmicos europeos industria.<\/h3>\n<p>[\/et_pb_text][et_pb_text _builder_version=\u00bb4.27.4&#8243; _module_preset=\u00bbdefault\u00bb hover_enabled=\u00bb0&#8243; global_colors_info=\u00bb{}\u00bb sticky_enabled=\u00bb0&#8243;]Este reglamento se aplica a todas las sustancias qu\u00edmicas de la UE.<\/p>\n<p>REACH son las siglas en ingl\u00e9s de Registro, Evaluaci\u00f3n, Autorizaci\u00f3n y Restricci\u00f3n de Sustancias y Preparados Qu\u00edmicos. La pol\u00edtica tambi\u00e9n pretende reducir la duplicaci\u00f3n de la investigaci\u00f3n y promover m\u00e9todos alternativos de evaluaci\u00f3n de riesgos.<\/p>\n<p>Toda empresa que fabrique o importe una sustancia qu\u00edmica en cantidades anuales iguales o superiores a una tonelada debe registrarla en la Agencia Europea de Sustancias y Preparados Qu\u00edmicos (ECHA) de conformidad con <a href=\"https:\/\/www.reachcentrum.eu\/consortia\/titanium-dioxide-industry-tdic-reach-consortium\/\" target=\"_blank\" rel=\"noopener\">REACH<\/a>. El registro incluye un expediente con informaci\u00f3n detallada sobre la sustancia qu\u00edmica y sus usos. Estudios cient\u00edficos sobre seguridad tambi\u00e9n se incluyen en este expediente.<\/p>\n<p>La industria del TiO<sub>2<\/sub> se compromete a actualizar y mejorar peri\u00f3dicamente la Expediente REACH para TiO<sub>2<\/sub>, incluidas las b\u00fasquedas bibliogr\u00e1ficas anuales y el encargo de nuevos estudios seg\u00fan las normas m\u00e1s recientes.<\/p>\n<p>Los principales fabricantes y proveedores europeos de di\u00f3xido de titanio (TiO<sub>2<\/sub>) han constituido el Consorcio de la Industria del Di\u00f3xido de Titanio (TDIC) para gestionar el registro REACH del TiO<sub>2<\/sub> y las sustancias afines producidas en su fabricaci\u00f3n. El TiO<sub>2<\/sub> no est\u00e1 sujeto a ninguna restricci\u00f3n o autorizaci\u00f3n en virtud de REACH.<\/p>\n<p>El TDIC tambi\u00e9n sirve de enlace con otros solicitantes de registro y usuarios intermedios para cumplir las obligaciones de REACH. Esto incluye la celebraci\u00f3n de acuerdos entre empresas sobre clasificaci\u00f3n y etiquetado, y la puesta en com\u00fan de datos. e investigaci\u00f3n.<\/p>\n<p>Al tratarse de una sustancia ampliamente producida y utilizada, el trabajo del TDIC y de los miembros del TiO<sub>2<\/sub> gran SIEF del proporciona informaci\u00f3n exhaustiva sobre<\/p>\n<p>TiO<sub>2<\/sub> y sustancias afines. Ayuda a las empresas que utilizan productos de TiO<sub>2<\/sub> a cumplir sus obligaciones reglamentarias.[\/et_pb_text][difl_divider separetor_type=\u00bbno\u00bb divider_line_color=\u00bb#000000&#8243; divider_line_width=\u00bb1px\u00bb _builder_version=\u00bb4.27.4&#8243; _module_preset=\u00bbdefault\u00bb locked=\u00bboff\u00bb global_colors_info=\u00bb{}\u00bb][\/difl_divider][et_pb_text _builder_version=\u00bb4.27.4&#8243; _module_preset=\u00bbdefault\u00bb header_3_font=\u00bbNoto Sans|600|||||||\u00bb hover_enabled=\u00bb0&#8243; global_colors_info=\u00bb{}\u00bb sticky_enabled=\u00bb0&#8243;]<\/p>\n<h3>Evaluaci\u00f3n de sustancias REACH<\/h3>\n<p>[\/et_pb_text][et_pb_text _builder_version=\u00bb4.27.4&#8243; _module_preset=\u00bbdefault\u00bb hover_enabled=\u00bb0&#8243; global_colors_info=\u00bb{}\u00bb sticky_enabled=\u00bb0&#8243;]<\/p>\n<p>El TiO<sub>2<\/sub> siendo sometido actualmente a una evaluaci\u00f3n de sustancias en el marco del plan de acci\u00f3n m\u00f3vil comunitario (CoRAP) de la ECHA. En este caso, los Estados miembros, Francia en el caso del TiO<sub>2<\/sub>, llevan a cabo una evaluaci\u00f3n y normalmente solicitan m\u00e1s informaci\u00f3n. informaci\u00f3n.<\/p>\n<p>Por ello, se est\u00e1 llevando a cabo un estudio exhaustivo de TiO<sub>2<\/sub> por niveles en cooperaci\u00f3n con la Agencia Francesa para la Alimentaci\u00f3n, el Medio Ambiente y la Salud Laboral y Seguridad (ANSES), donde el nivel 1 estudia distintas formas de TiO<sub>2<\/sub>.<\/p>\n<p>[\/et_pb_text][difl_divider separetor_type=\u00bbno\u00bb divider_line_color=\u00bb#000000&#8243; divider_line_width=\u00bb1px\u00bb _builder_version=\u00bb4.27.4&#8243; _module_preset=\u00bbdefault\u00bb locked=\u00bboff\u00bb global_colors_info=\u00bb{}\u00bb][\/difl_divider][et_pb_text _builder_version=\u00bb4.27.4&#8243; _module_preset=\u00bbdefault\u00bb header_3_font=\u00bbNoto Sans|600|||||||\u00bb hover_enabled=\u00bb0&#8243; global_colors_info=\u00bb{}\u00bb sticky_enabled=\u00bb0&#8243;]<\/p>\n<h3>Las sustancias cubiertas por REACH y gestionadas por el TDIC son:<\/h3>\n<p>[\/et_pb_text][et_pb_text _builder_version=\u00bb4.27.4&#8243; _module_preset=\u00bbdefault\u00bb hover_enabled=\u00bb0&#8243; global_colors_info=\u00bb{}\u00bb sticky_enabled=\u00bb0&#8243;]<\/p>\n<p>Di\u00f3xido de titanio (TiO<sub>2<\/sub>) CAS 13463-67-7, EINECS 236-675-5 \u2013 Visite la secci\u00f3n <a href=\"https:\/\/www.tdma.info\/es\/acerca-del-tio2\/\" target=\"_blank\" rel=\"noopener\">\u00bfQu\u00e9 es el di\u00f3xido de titanio?<\/a>de este sitio web para obtener m\u00e1s informaci\u00f3n sobre TiO<sub>2<\/sub> y el proceso de producci\u00f3n.<\/p>\n<p>Titanium tetrachloride (TiCl4) CAS 7550-45-0, EINECS 231-441-9) \u2013 A volatile liquid formed in the chloride process used to produce TiO<sub>2<\/sub>. Visit the <a href=\"https:\/\/www.tdma.info\/de\/sicherheit\/titantetrachlorid-ticl4\/\" target=\"_blank\" rel=\"noopener\">titanium tetrachloride<\/a> (TiCl4 section of this website.<\/p>\n<p>Sulfato de \u00f3xido de titanio (TiOCL2) CAS 13825-74-6, EINECS 237-523-0 \u2013 Puede denominarse sulfato de ox\u00edgeno de titanio. Se produce en el sulfato para producir TiO<sub>2<\/sub>.<\/p>\n<p>Dicloruro de \u00f3xido de titanio (TiOCL2) CAS 13780-39-7, EINECS 237-430-5 \u2013 Este producto qu\u00edmico se produce en el proceso de cloruro para producir<\/p>\n<p>Titanato dis\u00f3dico (Na2O3Ti) CAS 12034-34-3, EINECS 234-802-9 \u2013 Se trata de una sustancia relacionada que tiene usos electroqu\u00edmicos y electrocer\u00e1micos.<\/p>\n<p>[\/et_pb_text][difl_divider separetor_type=\u00bbno\u00bb divider_line_color=\u00bb#000000&#8243; divider_line_width=\u00bb1px\u00bb _builder_version=\u00bb4.27.4&#8243; _module_preset=\u00bbdefault\u00bb locked=\u00bboff\u00bb global_colors_info=\u00bb{}\u00bb][\/difl_divider][et_pb_text _builder_version=\u00bb4.27.4&#8243; _module_preset=\u00bbdefault\u00bb header_3_font=\u00bbNoto Sans|600|||||||\u00bb hover_enabled=\u00bb0&#8243; global_colors_info=\u00bb{}\u00bb sticky_enabled=\u00bb0&#8243;]<\/p>\n<h3>Recursos REACH<\/h3>\n<p>[\/et_pb_text][et_pb_text _builder_version=\u00bb4.27.4&#8243; _module_preset=\u00bbdefault\u00bb hover_enabled=\u00bb0&#8243; global_colors_info=\u00bb{}\u00bb sticky_enabled=\u00bb0&#8243;]<\/p>\n<p>Los siguientes enlaces ofrecen m\u00e1s informaci\u00f3n sobre REACH y las sustancias cubiertas por el TDIC:<\/p>\n<ul>\n<li><a href=\"https:\/\/www.reachcentrum.eu\/consortia\/titanium-dioxide-industry-tdic-reach-consortium\/\" target=\"_blank\" rel=\"noopener\">Sitio web del TDIC<\/a><\/li>\n<li><a href=\"https:\/\/echa.europa.eu\/fr\/regulations\/reach\/understanding-reach\" target=\"_blank\" rel=\"noopener\">Informaci\u00f3n REACH de la ECHA<\/a><\/li>\n<li><a href=\"https:\/\/www.tdma.info\/es\/sustentabilidad\/sostenibilidad-del-dioxido-de-titanio\/\" target=\"_blank\" rel=\"noopener\">M\u00e1s informaci\u00f3n sobre la sostenibilidad en la industria del di\u00f3xido de titanio<\/a><\/li>\n<\/ul>\n<p>&nbsp;<\/p>\n<p>[\/et_pb_text][\/et_pb_column][et_pb_column type=\u00bb1_4&#8243; _builder_version=\u00bb4.27.3&#8243; _module_preset=\u00bbdefault\u00bb global_colors_info=\u00bb{}\u00bb][et_pb_code _builder_version=\u00bb4.27.4&#8243; _module_preset=\u00bbdefault\u00bb background_color=\u00bb#efeded\u00bb custom_padding=\u00bb30px|30px|30px|30px|true|true\u00bb sticky_position=\u00bbtop\u00bb sticky_offset_top=\u00bb30px\u00bb sticky_limit_bottom=\u00bbsection\u00bb sticky_position_tablet=\u00bbnone\u00bb sticky_position_phone=\u00bbnone\u00bb sticky_position_last_edited=\u00bbon|desktop\u00bb custom_css_free_form=\u00bbselector .title {||  font-size: 20px;||  font-weight: 700;||}\u00bb border_width_top=\u00bb1px\u00bb global_module=\u00bb278190&#8243; locked=\u00bboff\u00bb global_colors_info=\u00bb{}\u00bb]<\/p>\n<div class=\"title\"><!-- [et_pb_line_break_holder] -->Art\u00edculos relacionados<!-- [et_pb_line_break_holder] --><\/div>\n<p><!-- [et_pb_line_break_holder] --><div class=\" mc-posts-list side-list\"><div class=\"list-item page\"><div class=\"list-item-wrapper has-image\"><a class=\"list-thumbnail\" style=\"background-image:url(https:\/\/www.tdma.info\/wp-content\/uploads\/2024\/12\/sustainable-industry-2.png-1024x376.webp);\" href=\"https:\/\/www.tdma.info\/es\/seguridad\/dioxido-de-titanio-y-materiales-en-contacto-con-alimentos\/\" rel=\"noopener noreferrer\"><img decoding=\"async\" src=\"https:\/\/www.tdma.info\/wp-content\/uploads\/2024\/12\/sustainable-industry-2.png-1024x376.webp\" alt=\"Di\u00f3xido de titanio y materiales en contacto con alimentos\"\/><span class=\"hover-image\" style=\"background-image:url(https:\/\/www.tdma.info\/wp-content\/uploads\/2024\/12\/sustainable-industry-2.png-1024x376.webp);\"><\/span><\/a><div class=\"list-content-wrapper\"><div class=\"list-content-header\"><\/div><div class=\"list-content-body\"><h4 class=\"list-title\"><a href=\"https:\/\/www.tdma.info\/es\/seguridad\/dioxido-de-titanio-y-materiales-en-contacto-con-alimentos\/\" rel=\"noopener noreferrer\">Di\u00f3xido de titanio y materiales en contacto con alimentos<\/a><\/h4><div class=\"list-excerpt\"><\/div><div class=\"list-content-footer\"><a class=\"list-read-more\" target=\"_self\" href=\"https:\/\/www.tdma.info\/es\/seguridad\/dioxido-de-titanio-y-materiales-en-contacto-con-alimentos\/\" rel=\"noopener noreferrer\"><span>Leer m\u00e1s<\/span><\/a><\/div><\/div><\/div><\/div><\/div><div class=\"list-item page\"><div class=\"list-item-wrapper has-image\"><a class=\"list-thumbnail\" style=\"background-image:url(https:\/\/www.tdma.info\/wp-content\/uploads\/2025\/11\/renewables-2489781047-1024x471.jpg);\" href=\"https:\/\/www.tdma.info\/es\/sustentabilidad\/el-papel-del-dioxido-de-titanio-en-las-energias-renovables-y-la-eficiencia-energetica\/\" rel=\"noopener noreferrer\"><img decoding=\"async\" src=\"https:\/\/www.tdma.info\/wp-content\/uploads\/2025\/11\/renewables-2489781047-1024x471.jpg\" alt=\"El papel del di\u00f3xido de titanio en las energ\u00edas renovables y la eficiencia energ\u00e9tica\"\/><span class=\"hover-image\" style=\"background-image:url(https:\/\/www.tdma.info\/wp-content\/uploads\/2025\/11\/renewables-2489781047-1024x471.jpg);\"><\/span><\/a><div class=\"list-content-wrapper\"><div class=\"list-content-header\"><\/div><div class=\"list-content-body\"><h4 class=\"list-title\"><a href=\"https:\/\/www.tdma.info\/es\/sustentabilidad\/el-papel-del-dioxido-de-titanio-en-las-energias-renovables-y-la-eficiencia-energetica\/\" rel=\"noopener noreferrer\">El papel del di\u00f3xido de titanio en las energ\u00edas renovables y la eficiencia energ\u00e9tica<\/a><\/h4><div class=\"list-excerpt\"><\/div><div class=\"list-content-footer\"><a class=\"list-read-more\" target=\"_self\" href=\"https:\/\/www.tdma.info\/es\/sustentabilidad\/el-papel-del-dioxido-de-titanio-en-las-energias-renovables-y-la-eficiencia-energetica\/\" rel=\"noopener noreferrer\"><span>Leer m\u00e1s<\/span><\/a><\/div><\/div><\/div><\/div><\/div><\/div>[\/et_pb_code][\/et_pb_column][\/et_pb_row][\/et_pb_section][et_pb_section fb_built=\u00bb1&#8243; admin_label=\u00bbYou may also like &#8211; section\u00bb _builder_version=\u00bb4.27.4&#8243; _module_preset=\u00bbdefault\u00bb locked=\u00bboff\u00bb global_colors_info=\u00bb{}\u00bb][et_pb_row _builder_version=\u00bb4.27.4&#8243; _module_preset=\u00bbdefault\u00bb global_module=\u00bb275254&#8243; locked=\u00bboff\u00bb global_colors_info=\u00bb{}\u00bb][et_pb_column type=\u00bb4_4&#8243; _builder_version=\u00bb4.27.4&#8243; _module_preset=\u00bbdefault\u00bb global_colors_info=\u00bb{}\u00bb][et_pb_text admin_label=\u00bbText\u00bb _builder_version=\u00bb4.27.4&#8243; _module_preset=\u00bbdefault\u00bb global_colors_info=\u00bb{}\u00bb]<\/p>\n<h2>Tambi\u00e9n le puede interesar<\/h2>\n<p>[\/et_pb_text][et_pb_code _builder_version=\u00bb4.27.4&#8243; _module_preset=\u00bbdefault\u00bb global_colors_info=\u00bb{}\u00bb][\/et_pb_code][\/et_pb_column][\/et_pb_row][\/et_pb_section]<\/p>\n","protected":false},"excerpt":{"rendered":"<p>REACH es una normativa de la Uni\u00f3n Europea para proteger la salud humana y el medio ambiente de los posibles riesgos que plantean las sustancias qu\u00edmicas, al tiempo que mantener y mejorar la competitividad de los productos qu\u00edmicos europeos industria.Este reglamento se aplica a todas las sustancias qu\u00edmicas de la UE. REACH son las siglas [&hellip;]<\/p>\n","protected":false},"author":1,"featured_media":274927,"parent":276128,"menu_order":0,"comment_status":"closed","ping_status":"closed","template":"","meta":{"_et_pb_use_builder":"on","_et_pb_old_content":"","_et_gb_content_width":"","inline_featured_image":false,"footnotes":""},"difl_page_category":[],"application_category":[],"class_list":["post-276041","page","type-page","status-publish","has-post-thumbnail","hentry"],"yoast_head":"<!-- This site is optimized with the Yoast SEO plugin v27.5 - https:\/\/yoast.com\/product\/yoast-seo-wordpress\/ -->\n<title>Reglamento REACH - TDMA<\/title>\n<meta name=\"robots\" content=\"index, follow, max-snippet:-1, max-image-preview:large, max-video-preview:-1\" \/>\n<link rel=\"canonical\" href=\"https:\/\/www.tdma.info\/es\/seguridad\/reglamento-reach\/\" \/>\n<meta property=\"og:locale\" content=\"es_ES\" \/>\n<meta property=\"og:type\" content=\"article\" \/>\n<meta property=\"og:title\" content=\"Reglamento REACH - TDMA\" \/>\n<meta property=\"og:description\" content=\"REACH es una normativa de la Uni\u00f3n Europea para proteger la salud humana y el medio ambiente de los posibles riesgos que plantean las sustancias qu\u00edmicas, al tiempo que mantener y mejorar la competitividad de los productos qu\u00edmicos europeos industria.Este reglamento se aplica a todas las sustancias qu\u00edmicas de la UE. REACH son las siglas [&hellip;]\" \/>\n<meta property=\"og:url\" content=\"https:\/\/www.tdma.info\/es\/seguridad\/reglamento-reach\/\" \/>\n<meta property=\"og:site_name\" content=\"TDMA\" \/>\n<meta property=\"article:modified_time\" content=\"2025-01-28T13:11:21+00:00\" \/>\n<meta property=\"og:image\" content=\"https:\/\/www.tdma.info\/wp-content\/uploads\/2024\/12\/reach_main.jpg.webp\" \/>\n\t<meta property=\"og:image:width\" content=\"1336\" \/>\n\t<meta property=\"og:image:height\" content=\"490\" \/>\n\t<meta property=\"og:image:type\" content=\"image\/webp\" \/>\n<meta name=\"twitter:card\" content=\"summary_large_image\" \/>\n<meta name=\"twitter:label1\" content=\"Tiempo de lectura\" \/>\n\t<meta name=\"twitter:data1\" content=\"4 minutos\" \/>\n<script type=\"application\/ld+json\" class=\"yoast-schema-graph\">{\"@context\":\"https:\\\/\\\/schema.org\",\"@graph\":[{\"@type\":\"WebPage\",\"@id\":\"https:\\\/\\\/www.tdma.info\\\/es\\\/seguridad\\\/reglamento-reach\\\/\",\"url\":\"https:\\\/\\\/www.tdma.info\\\/es\\\/seguridad\\\/reglamento-reach\\\/\",\"name\":\"Reglamento REACH - TDMA\",\"isPartOf\":{\"@id\":\"https:\\\/\\\/www.tdma.info\\\/#website\"},\"primaryImageOfPage\":{\"@id\":\"https:\\\/\\\/www.tdma.info\\\/es\\\/seguridad\\\/reglamento-reach\\\/#primaryimage\"},\"image\":{\"@id\":\"https:\\\/\\\/www.tdma.info\\\/es\\\/seguridad\\\/reglamento-reach\\\/#primaryimage\"},\"thumbnailUrl\":\"https:\\\/\\\/www.tdma.info\\\/wp-content\\\/uploads\\\/2024\\\/12\\\/reach_main.jpg.webp\",\"datePublished\":\"2024-12-04T09:12:57+00:00\",\"dateModified\":\"2025-01-28T13:11:21+00:00\",\"breadcrumb\":{\"@id\":\"https:\\\/\\\/www.tdma.info\\\/es\\\/seguridad\\\/reglamento-reach\\\/#breadcrumb\"},\"inLanguage\":\"es\",\"potentialAction\":[{\"@type\":\"ReadAction\",\"target\":[\"https:\\\/\\\/www.tdma.info\\\/es\\\/seguridad\\\/reglamento-reach\\\/\"]}]},{\"@type\":\"ImageObject\",\"inLanguage\":\"es\",\"@id\":\"https:\\\/\\\/www.tdma.info\\\/es\\\/seguridad\\\/reglamento-reach\\\/#primaryimage\",\"url\":\"https:\\\/\\\/www.tdma.info\\\/wp-content\\\/uploads\\\/2024\\\/12\\\/reach_main.jpg.webp\",\"contentUrl\":\"https:\\\/\\\/www.tdma.info\\\/wp-content\\\/uploads\\\/2024\\\/12\\\/reach_main.jpg.webp\",\"width\":1336,\"height\":490},{\"@type\":\"BreadcrumbList\",\"@id\":\"https:\\\/\\\/www.tdma.info\\\/es\\\/seguridad\\\/reglamento-reach\\\/#breadcrumb\",\"itemListElement\":[{\"@type\":\"ListItem\",\"position\":1,\"name\":\"Home\",\"item\":\"https:\\\/\\\/www.tdma.info\\\/es\\\/home\\\/\"},{\"@type\":\"ListItem\",\"position\":2,\"name\":\"Seguridad\",\"item\":\"https:\\\/\\\/www.tdma.info\\\/es\\\/seguridad\\\/\"},{\"@type\":\"ListItem\",\"position\":3,\"name\":\"Reglamento REACH\"}]},{\"@type\":\"WebSite\",\"@id\":\"https:\\\/\\\/www.tdma.info\\\/#website\",\"url\":\"https:\\\/\\\/www.tdma.info\\\/\",\"name\":\"CEFIC\",\"description\":\"\",\"publisher\":{\"@id\":\"https:\\\/\\\/www.tdma.info\\\/#organization\"},\"potentialAction\":[{\"@type\":\"SearchAction\",\"target\":{\"@type\":\"EntryPoint\",\"urlTemplate\":\"https:\\\/\\\/www.tdma.info\\\/?s={search_term_string}\"},\"query-input\":{\"@type\":\"PropertyValueSpecification\",\"valueRequired\":true,\"valueName\":\"search_term_string\"}}],\"inLanguage\":\"es\"},{\"@type\":\"Organization\",\"@id\":\"https:\\\/\\\/www.tdma.info\\\/#organization\",\"name\":\"CEFIC\",\"url\":\"https:\\\/\\\/www.tdma.info\\\/\",\"logo\":{\"@type\":\"ImageObject\",\"inLanguage\":\"es\",\"@id\":\"https:\\\/\\\/www.tdma.info\\\/#\\\/schema\\\/logo\\\/image\\\/\",\"url\":\"https:\\\/\\\/www.tdma.info\\\/wp-content\\\/uploads\\\/2025\\\/02\\\/cefic-logo.png\",\"contentUrl\":\"https:\\\/\\\/www.tdma.info\\\/wp-content\\\/uploads\\\/2025\\\/02\\\/cefic-logo.png\",\"width\":282,\"height\":125,\"caption\":\"CEFIC\"},\"image\":{\"@id\":\"https:\\\/\\\/www.tdma.info\\\/#\\\/schema\\\/logo\\\/image\\\/\"}}]}<\/script>\n<!-- \/ Yoast SEO plugin. -->","yoast_head_json":{"title":"Reglamento REACH - TDMA","robots":{"index":"index","follow":"follow","max-snippet":"max-snippet:-1","max-image-preview":"max-image-preview:large","max-video-preview":"max-video-preview:-1"},"canonical":"https:\/\/www.tdma.info\/es\/seguridad\/reglamento-reach\/","og_locale":"es_ES","og_type":"article","og_title":"Reglamento REACH - TDMA","og_description":"REACH es una normativa de la Uni\u00f3n Europea para proteger la salud humana y el medio ambiente de los posibles riesgos que plantean las sustancias qu\u00edmicas, al tiempo que mantener y mejorar la competitividad de los productos qu\u00edmicos europeos industria.Este reglamento se aplica a todas las sustancias qu\u00edmicas de la UE. REACH son las siglas [&hellip;]","og_url":"https:\/\/www.tdma.info\/es\/seguridad\/reglamento-reach\/","og_site_name":"TDMA","article_modified_time":"2025-01-28T13:11:21+00:00","og_image":[{"width":1336,"height":490,"url":"https:\/\/www.tdma.info\/wp-content\/uploads\/2024\/12\/reach_main.jpg.webp","type":"image\/webp"}],"twitter_card":"summary_large_image","twitter_misc":{"Tiempo de lectura":"4 minutos"},"schema":{"@context":"https:\/\/schema.org","@graph":[{"@type":"WebPage","@id":"https:\/\/www.tdma.info\/es\/seguridad\/reglamento-reach\/","url":"https:\/\/www.tdma.info\/es\/seguridad\/reglamento-reach\/","name":"Reglamento REACH - TDMA","isPartOf":{"@id":"https:\/\/www.tdma.info\/#website"},"primaryImageOfPage":{"@id":"https:\/\/www.tdma.info\/es\/seguridad\/reglamento-reach\/#primaryimage"},"image":{"@id":"https:\/\/www.tdma.info\/es\/seguridad\/reglamento-reach\/#primaryimage"},"thumbnailUrl":"https:\/\/www.tdma.info\/wp-content\/uploads\/2024\/12\/reach_main.jpg.webp","datePublished":"2024-12-04T09:12:57+00:00","dateModified":"2025-01-28T13:11:21+00:00","breadcrumb":{"@id":"https:\/\/www.tdma.info\/es\/seguridad\/reglamento-reach\/#breadcrumb"},"inLanguage":"es","potentialAction":[{"@type":"ReadAction","target":["https:\/\/www.tdma.info\/es\/seguridad\/reglamento-reach\/"]}]},{"@type":"ImageObject","inLanguage":"es","@id":"https:\/\/www.tdma.info\/es\/seguridad\/reglamento-reach\/#primaryimage","url":"https:\/\/www.tdma.info\/wp-content\/uploads\/2024\/12\/reach_main.jpg.webp","contentUrl":"https:\/\/www.tdma.info\/wp-content\/uploads\/2024\/12\/reach_main.jpg.webp","width":1336,"height":490},{"@type":"BreadcrumbList","@id":"https:\/\/www.tdma.info\/es\/seguridad\/reglamento-reach\/#breadcrumb","itemListElement":[{"@type":"ListItem","position":1,"name":"Home","item":"https:\/\/www.tdma.info\/es\/home\/"},{"@type":"ListItem","position":2,"name":"Seguridad","item":"https:\/\/www.tdma.info\/es\/seguridad\/"},{"@type":"ListItem","position":3,"name":"Reglamento REACH"}]},{"@type":"WebSite","@id":"https:\/\/www.tdma.info\/#website","url":"https:\/\/www.tdma.info\/","name":"CEFIC","description":"","publisher":{"@id":"https:\/\/www.tdma.info\/#organization"},"potentialAction":[{"@type":"SearchAction","target":{"@type":"EntryPoint","urlTemplate":"https:\/\/www.tdma.info\/?s={search_term_string}"},"query-input":{"@type":"PropertyValueSpecification","valueRequired":true,"valueName":"search_term_string"}}],"inLanguage":"es"},{"@type":"Organization","@id":"https:\/\/www.tdma.info\/#organization","name":"CEFIC","url":"https:\/\/www.tdma.info\/","logo":{"@type":"ImageObject","inLanguage":"es","@id":"https:\/\/www.tdma.info\/#\/schema\/logo\/image\/","url":"https:\/\/www.tdma.info\/wp-content\/uploads\/2025\/02\/cefic-logo.png","contentUrl":"https:\/\/www.tdma.info\/wp-content\/uploads\/2025\/02\/cefic-logo.png","width":282,"height":125,"caption":"CEFIC"},"image":{"@id":"https:\/\/www.tdma.info\/#\/schema\/logo\/image\/"}}]}},"_links":{"self":[{"href":"https:\/\/www.tdma.info\/es\/wp-json\/wp\/v2\/pages\/276041","targetHints":{"allow":["GET"]}}],"collection":[{"href":"https:\/\/www.tdma.info\/es\/wp-json\/wp\/v2\/pages"}],"about":[{"href":"https:\/\/www.tdma.info\/es\/wp-json\/wp\/v2\/types\/page"}],"author":[{"embeddable":true,"href":"https:\/\/www.tdma.info\/es\/wp-json\/wp\/v2\/users\/1"}],"replies":[{"embeddable":true,"href":"https:\/\/www.tdma.info\/es\/wp-json\/wp\/v2\/comments?post=276041"}],"version-history":[{"count":12,"href":"https:\/\/www.tdma.info\/es\/wp-json\/wp\/v2\/pages\/276041\/revisions"}],"predecessor-version":[{"id":279778,"href":"https:\/\/www.tdma.info\/es\/wp-json\/wp\/v2\/pages\/276041\/revisions\/279778"}],"up":[{"embeddable":true,"href":"https:\/\/www.tdma.info\/es\/wp-json\/wp\/v2\/pages\/276128"}],"wp:featuredmedia":[{"embeddable":true,"href":"https:\/\/www.tdma.info\/es\/wp-json\/wp\/v2\/media\/274927"}],"wp:attachment":[{"href":"https:\/\/www.tdma.info\/es\/wp-json\/wp\/v2\/media?parent=276041"}],"wp:term":[{"taxonomy":"difl_page_category","embeddable":true,"href":"https:\/\/www.tdma.info\/es\/wp-json\/wp\/v2\/difl_page_category?post=276041"},{"taxonomy":"application_category","embeddable":true,"href":"https:\/\/www.tdma.info\/es\/wp-json\/wp\/v2\/application_category?post=276041"}],"curies":[{"name":"wp","href":"https:\/\/api.w.org\/{rel}","templated":true}]}}